{"id":985,"date":"2023-03-04T21:22:15","date_gmt":"2023-03-05T03:22:15","guid":{"rendered":"https:\/\/informe.antad.net\/2023\/?page_id=985"},"modified":"2024-03-11T23:26:32","modified_gmt":"2024-03-12T05:26:32","slug":"expo-antad-2023","status":"publish","type":"page","link":"http:\/\/informe.antad.net\/2023\/expo-antad-2023\/","title":{"rendered":"Expo Antad"},"content":{"rendered":"<div class=\"wpb-content-wrapper\"><p>[vc_row][vc_column][vc_column_text]<strong>Expo ANTAD\u00a0 2023\u00a0<\/strong><\/p>\n<p>Del 7 al 9 de marzo se realiz\u00f3 el evento, nuevamente en las instalaciones de Expo Guadalajara, recinto que cumple con las dimensiones necesarias para dar cabida a la cantidad de empresas que participan y en la ciudad de Guadalajara, que cumple con las habitaciones necesarias para alojar a visitantes y expositores.<\/p>\n<p>Digno de ser mencionada es la participaci\u00f3n de 11 Sistemas Producto coordinados por la Secretar\u00eda de Agricultura, ocupando 200 espacios del piso de exposici\u00f3n con productores de b\u00e1sicos y productos de consumo.<\/p>\n<p>El espacio destinado a la tecnolog\u00eda, equipamiento y mobiliario fue complementado con la presencia de empresas especialistas en Log\u00edstica y participaron en Key Logistics Solutions, simulando un Centro de Distribuci\u00f3n en operaci\u00f3n.<\/p>\n<p>El evento est\u00e1 estructurado como un espacio creado para la realizaci\u00f3n de reuniones entre las partes participantes y creamos un ambiente de negocios para que se lleven a cabo entrevistas en los espacios del piso de negocios, adem\u00e1s de las activaciones organizadas para que las empresas demuestren las bondades y beneficios de sus productos y servicios, tal es el caso del Food Connections en donde cerca de 35 empresas prepararon alimentos y bebidas para ser degustadas por los Asociados, restauranteros y hoteleros invitados al evento, contando tambi\u00e9n con interesados en la industria de los alimentos y bebidas de directivos de empresas de otros pa\u00edses.<\/p>\n<p>Tambi\u00e9n se cont\u00f3 con informaci\u00f3n impartida por expertos del retail y de alimentos &amp; bebidas en los foros especialmente creados para comunicar a los asistentes sobre las novedades tecnol\u00f3gicas, de mercadotecnia, tendencias y nuevas direcciones que el retail est\u00e1 tomando para atender a consumidores cada vez m\u00e1s exigentes.<\/p>\n<p>Durante el a\u00f1o estuvimos visitando a C\u00e1maras y Asociaciones involucradas en el manejo de alimentos y bebidas para invitarles a participar y apoyar la realizaci\u00f3n de reuniones con expositores. Estas organizaciones son nacionales e internacionales y es sorprendente el inter\u00e9s demostrado para participar del evento.<\/p>\n<p>Las cifras dignas de mencionar son: La cantidad de empresas participantes fue de 1,264 ocupando 15,200 m2 en el piso de exposici\u00f3n de los cuales el 9% fue de empresas extranjeras, la cantidad de encuentros de negocio fue de 2,783 con una estimaci\u00f3n de negocios, que se generar\u00edan en los siguientes seis meses de finalizado el evento, por la cantidad de $ 16,8 mil de mnx. Adem\u00e1s de que visitantes de 68 pa\u00edses nos acompa\u00f1aron y visitaron a empresas mexicanas principalmente.<\/p>\n<p><strong>Expo ANTAD 2024\u00a0<\/strong><\/p>\n<p>Estamos realizando la 41\u00aa edici\u00f3n de este evento y la presencia y compromiso de los Asociados se ha hecho notar y 9 Cadenas han confirmado su presencia en el piso de negocios, apoyando con su participaci\u00f3n la generaci\u00f3n de agendas de trabajo con los expositores.<\/p>\n<p>La comercializaci\u00f3n de la superficie destinada para los expositores se ha ocupado de manera sobresaliente y a la fecha se ha ocupado la superficie de 18,449 confirmado el 95% de los espacios de exposici\u00f3n. De lo comercializado es importante destacar que las empresas extranjeras est\u00e1n ocupando 2,225 metros cuadrados.<\/p>\n<p>Los encuentros de negocio se est\u00e1n solidificando como la herramienta mas valiosa de Expo ANTAD; consideramos que se realizar\u00e1n un total de 6,000 reuniones de 6,500 solicitadas por expositores.<\/p>\n<p>La presencia de compradores de dependencias extranjeras ha resultado con cifras superiores a los 600 participantes y de otros compradores no asociados se estima contar con 1,500, todos ellos interesados en establecer contacto con los expositores que suman m\u00e1s de 1,100 empresas participantes<\/p>\n<p>El uso de la tecnolog\u00eda se intensific\u00f3 y aplic\u00f3 para la promoci\u00f3n y difusi\u00f3n al uso de las Redes Sociales, p\u00e1gina web y campa\u00f1as de comunicaci\u00f3n digital, resultaron de gran utilidad y existe un gran n\u00famero de personas involucradas en el retail, interesadas en asistir al evento.\u00a0Esta difusi\u00f3n generar\u00e1 22,000 participantes, 5,000 m\u00e1s que el evento anterior.<\/p>\n<p>Importante resaltar que la tecnolog\u00eda al servicio de la operaci\u00f3n de las tiendas detallistas, se increment\u00f3 el numero de empresas que participan en el pabell\u00f3n de tecnolog\u00eda, contamos con la presencia de 102 empresas de este sector y tambi\u00e9n se dictar\u00e1n 16 conferencias con temas de log\u00edstica, distribuci\u00f3n, inventarios, CRM, pagos, entre otros; recomendamos ampliamente visitar este espacio con amplias oportunidades de modernizaci\u00f3n de la operaci\u00f3n.[\/vc_column_text][\/vc_column][\/vc_row]<\/p>\n<\/div>","protected":false},"excerpt":{"rendered":"<p>[vc_row][vc_column][vc_column_text]Expo ANTAD\u00a0 2023\u00a0 Del 7 al 9 de marzo se realiz\u00f3 el evento, nuevamente en las instalaciones de Expo Guadalajara, recinto que cumple con las dimensiones necesarias para dar cabida a la cantidad de empresas que participan y en la &hellip; <a href=\"http:\/\/informe.antad.net\/2023\/expo-antad-2023\/\"><\/a><\/p>\n","protected":false},"author":1,"featured_media":0,"parent":0,"menu_order":0,"comment_status":"closed","ping_status":"closed","template":"","meta":{"footnotes":""},"class_list":["post-985","page","type-page","status-publish","hentry"],"_links":{"self":[{"href":"http:\/\/informe.antad.net\/2023\/wp-json\/wp\/v2\/pages\/985","targetHints":{"allow":["GET"]}}],"collection":[{"href":"http:\/\/informe.antad.net\/2023\/wp-json\/wp\/v2\/pages"}],"about":[{"href":"http:\/\/informe.antad.net\/2023\/wp-json\/wp\/v2\/types\/page"}],"author":[{"embeddable":true,"href":"http:\/\/informe.antad.net\/2023\/wp-json\/wp\/v2\/users\/1"}],"replies":[{"embeddable":true,"href":"http:\/\/informe.antad.net\/2023\/wp-json\/wp\/v2\/comments?post=985"}],"version-history":[{"count":36,"href":"http:\/\/informe.antad.net\/2023\/wp-json\/wp\/v2\/pages\/985\/revisions"}],"predecessor-version":[{"id":2932,"href":"http:\/\/informe.antad.net\/2023\/wp-json\/wp\/v2\/pages\/985\/revisions\/2932"}],"wp:attachment":[{"href":"http:\/\/informe.antad.net\/2023\/wp-json\/wp\/v2\/media?parent=985"}],"curies":[{"name":"wp","href":"https:\/\/api.w.org\/{rel}","templated":true}]}}