
{"id":2965,"date":"2025-03-24T09:05:58","date_gmt":"2025-03-24T15:05:58","guid":{"rendered":"https:\/\/informe.antad.net\/2024\/?page_id=2965"},"modified":"2025-03-24T09:10:10","modified_gmt":"2025-03-24T15:10:10","slug":"expo-antad-2024","status":"publish","type":"page","link":"https:\/\/informe.antad.net\/2024\/expo-antad-2024\/","title":{"rendered":"Expo Antad"},"content":{"rendered":"<h3>Expo ANTAD 24<\/h3>\n<p>La 41\u00aa edici\u00f3n de este evento y la presencia y compromiso de los Asociados se ha hecho notar y 9 Cadenas participaron en el piso de negocios, apoyando con su presencia la generaci\u00f3n de agendas de trabajo con los expositores.<\/p>\n<p>La comercializaci\u00f3n de la superficie destinada para los expositores se ha ocupado de manera sobresaliente se logr\u00f3 superar la meta de $ 120 millones de pesos logrando colocar espacios de exposici\u00f3n por $ 136 millones de pesos. De lo comercializado es importante destacar que las empresas extranjeras ocuparon 2,455 metros cuadrados.<\/p>\n<p>Los encuentros de negocio se solidificaron como la herramienta m\u00e1s valiosa de Expo ANTAD; se realizaron un total de 9,134 reuniones de 9,427 solicitadas por expositores.<\/p>\n<p>La presencia de compradores de dependencias extranjeras resultaron con cifras superiores a los 2367 participantes y de otros compradores asociados y no asociados se logr\u00f3 contar con 9,427 reuniones formales para establecer contacto con los expositores que suman m\u00e1s de 1,000 empresas participantes<\/p>\n<p>El uso de la tecnolog\u00eda se intensific\u00f3 y aplic\u00f3 para la promoci\u00f3n y difusi\u00f3n al uso de las Redes Sociales, p\u00e1gina web y campa\u00f1as de comunicaci\u00f3n digital, resultaron de gran utilidad y se logr\u00f3 un gran n\u00famero de personas inscritas al evento.\u202fCon el apoyo de esta difusi\u00f3n se generaron 20,000 participantes, 2,300 m\u00e1s que el evento anterior.<\/p>\n<p>Importante resaltar que la presencia de expositores de tecnolog\u00eda al servicio de la operaci\u00f3n de las tiendas detallistas, se increment\u00f3 el n\u00famero de empresas que participan en el pabell\u00f3n de tecnolog\u00eda, contamos con la presencia de 102 marcas de este sector y tambi\u00e9n se dictaron 15 conferencias con temas de log\u00edstica, distribuci\u00f3n, inventarios, CRM, pagos, sustentabilidad, sistemas, telefon\u00eda, entre otros.<\/p>\n<h3>Expo ANTAD 25<\/h3>\n<p>La colocaci\u00f3n de espacios de exposici\u00f3n ha sido favorable y a este mes de noviembre hemos comercializado 116 millones de pesos 15 millones m\u00e1s que el evento anterior a estas fechas.<\/p>\n<p>La comunidad internacional contin\u00faa mostrando inter\u00e9s, aunque con sus reservas, a estas fechas llevamos 10 millones de pesos, 500 mil pesos m\u00e1s que el evento anterior. La problem\u00e1tica internacional que hemos encontrado son las guerras en las que intervienen el bloque europeo y Estados Unidos de Norte Am\u00e9rica, adem\u00e1s de la incertidumbre sobre el nuevo gobierno mexicano.<\/p>\n<p>Establecimos dos superficies estrat\u00e9gicamente colocadas para lograr mayor aceptaci\u00f3n de empresas de otras categor\u00edas de productos y tambi\u00e9n lograr su colocaci\u00f3n en espacios ubicados en lugares espec\u00edficos para facilitar la visita de compradores en esas \u00e1reas.<\/p>\n<p>Consideramos colocar para cada activaci\u00f3n a un n\u00famero no menor de 20 empresas involucradas en cada una de las superficies para demostraciones especializadas.<\/p>\n<p>La respuesta de los asociados ha sido muy favorable para colocar espacio de exposici\u00f3n y atender a la comunidad de expositores a trav\u00e9s de sus compradores, consideramos tener dos cadenas m\u00e1s, con un total de 11 cadenas asociadas.<\/p>\n<p>Estamos colaborando para lograr un cremento de 150 compradores de cadenas asociadas y favorecer los encuentros de negocio con expositores.<\/p>\n<p>Tambi\u00e9n estamos trabajando para sumar a 250 compradores internacionales de USA, y 200 de otros retailers no asociados, adem\u00e1s de 20 compradores de la comunidad hotelera y 50 restauranteros.<\/p>\n<p>La Asociaci\u00f3n involucrada en la categor\u00eda de higiene y salud, estar\u00e1 participando con 20 cadenas de farmacias y una colaboraci\u00f3n de 50 compradores.<\/p>\n<p>Para atender a la comunidad de compradores contamos con diversas herramientas y estrategias que favorezcan su presencia y apoyen la realizaci\u00f3n de sus objetivos.<\/p>\n<ul>\n<li>Business HUB<\/li>\n<li>Nuevos Productos e Ideas<\/li>\n<li>Activaciones: Cooking,<\/li>\n<li>Cat\u00e1logo de productos<\/li>\n<li>Elaboraci\u00f3n de agendas<\/li>\n<li>\u00c1rea exclusiva para comedor<\/li>\n<li>Hospedaje<\/li>\n<li>Transportaci\u00f3n<\/li>\n<li>Servicio para asociados en piso de exposici\u00f3n<\/li>\n<\/ul>\n<p>Business HUB: \u00e1rea estrat\u00e9gicamente ambientada con comunicaci\u00f3n digital, mobiliario, asignaci\u00f3n de entrevistas, alimentos y bebidas, espacios privados para sus pertenencias, computadoras y WIFI.<\/p>\n<p>Nuevos Productos e Ideas: informaci\u00f3n anticipada sobre los productos que est\u00e1n por ingresar al mercado.<\/p>\n<p>Activaciones: espacios en d\u00f3nde se preparan alimentos y bebidas con recetas especiales y lanzamientos de nuevos productos.<\/p>\n<p>Cat\u00e1logo de productos: informaci\u00f3n anticipada de todas las empresas participantes y sus productos.<\/p>\n<p>Elaboraci\u00f3n de agendas: listado de reuniones de manera individual y por cada empresa expositora.<\/p>\n<p>\u00c1rea exclusiva de comedor: superficie destinada exclusivamente para compradores para degustar sus alimentos y bebidas.<\/p>\n<p>Hospedaje: Algunos compradores reciben este beneficio en base a la cantidad de reuniones que hayan aceptado.<\/p>\n<p>Transportaci\u00f3n: Algunos compradores reciben este beneficio en base al tiempo que nos pueden acompa\u00f1ar.<\/p>\n<p>Servicio para asociados en piso de exposici\u00f3n: becarios, lectoras de acreditaciones, WIFI, acreditaciones suficientes para el personal que asista al piso de exposici\u00f3n.<\/p>\n<p>Los Gobiernos Estatales est\u00e1n siendo atendidos para lograr una absoluta sinergia entre los productores de sus entidades y los compradores que nos acompa\u00f1an al evento.<\/p>\n<p>C\u00e1maras y Asociaciones que se han interesado por participar est\u00e1n siendo atendidos de acuerdo con la segmentaci\u00f3n de los productos que representan sus empresas.<\/p>\n<p>Consideramos que la edici\u00f3n del 2025 contar\u00e1 con la presencia de las partes involucradas en el comercio detallista y los principales actores de este sector estar\u00e1n presentes y ser\u00e1n testigos de una edici\u00f3n exitosa gracias al impulso que los asociados de Antad otorgan a este evento.<\/p>\n","protected":false},"excerpt":{"rendered":"<p>Expo ANTAD 24 La 41\u00aa edici\u00f3n de este evento y la presencia y compromiso de los Asociados se ha hecho notar y 9 Cadenas participaron en el piso de negocios, apoyando con su presencia la generaci\u00f3n de agendas de trabajo &hellip; <a href=\"https:\/\/informe.antad.net\/2024\/expo-antad-2024\/\"><\/a><\/p>\n","protected":false},"author":1,"featured_media":0,"parent":0,"menu_order":0,"comment_status":"closed","ping_status":"closed","template":"","meta":{"footnotes":""},"class_list":["post-2965","page","type-page","status-publish","hentry"],"_links":{"self":[{"href":"https:\/\/informe.antad.net\/2024\/wp-json\/wp\/v2\/pages\/2965","targetHints":{"allow":["GET"]}}],"collection":[{"href":"https:\/\/informe.antad.net\/2024\/wp-json\/wp\/v2\/pages"}],"about":[{"href":"https:\/\/informe.antad.net\/2024\/wp-json\/wp\/v2\/types\/page"}],"author":[{"embeddable":true,"href":"https:\/\/informe.antad.net\/2024\/wp-json\/wp\/v2\/users\/1"}],"replies":[{"embeddable":true,"href":"https:\/\/informe.antad.net\/2024\/wp-json\/wp\/v2\/comments?post=2965"}],"version-history":[{"count":2,"href":"https:\/\/informe.antad.net\/2024\/wp-json\/wp\/v2\/pages\/2965\/revisions"}],"predecessor-version":[{"id":2967,"href":"https:\/\/informe.antad.net\/2024\/wp-json\/wp\/v2\/pages\/2965\/revisions\/2967"}],"wp:attachment":[{"href":"https:\/\/informe.antad.net\/2024\/wp-json\/wp\/v2\/media?parent=2965"}],"curies":[{"name":"wp","href":"https:\/\/api.w.org\/{rel}","templated":true}]}}