
{"id":910,"date":"2023-03-04T21:15:07","date_gmt":"2023-03-05T03:15:07","guid":{"rendered":"https:\/\/informe.antad.net\/2024\/?page_id=910"},"modified":"2024-03-11T23:14:22","modified_gmt":"2024-03-12T05:14:22","slug":"comite-comercial","status":"publish","type":"page","link":"https:\/\/informe.antad.net\/2024\/comite-comercial\/","title":{"rendered":"Comit\u00e9 Comercial"},"content":{"rendered":"<p>Se continuo con el trabajo con el Gobierno Federal en el Paquete Contra la Inflaci\u00f3n y la Carest\u00eda. <\/p>\n<p>Se dio seguimiento del convenio de concertaci\u00f3n para la mejora continua de pr\u00e1cticas comerciales con la Secretar\u00eda de Econom\u00eda; la Confederaci\u00f3n Nacional de C\u00e1maras Industriales de los Estados Unidos Mexicanos; la C\u00e1mara Nacional de la Industria de la Transformaci\u00f3n; el Consejo Mexicano de la Industria de Productos de Consumo, A. C.; la Asociaci\u00f3n Nacional de Tiendas de Autoservicio y Departamentales, A.C. y el Consejo Nacional Agropecuario, A.C.<\/p>\n<p>Se particip\u00f3 durante el a\u00f1o en las sesiones del Consejo Nacional de Infraestructura de la Calidad, Comit\u00e9 Consultivo Nacional de Normalizaci\u00f3n de la Secretar\u00eda de Econom\u00eda, Se atendi\u00f3 reuni\u00f3n de la Comisi\u00f3n Nacional de Infraestructura de la Calidad, Comit\u00e9 Consultivo Nacional de Normalizaci\u00f3n de COFEPRIS y Comit\u00e9 Consultivo Nacional de Normalizaci\u00f3n de SADER.<\/p>\n<p>Se atendieron diversas reuniones de las siguientes proyectos y normas oficiales mexicanas.<\/p>\n<p>Se atendieron diversas reuniones con la Secretar\u00eda de Hacienda, SAT, Concamin, Coparmex, Asociaci\u00f3n de Empresas de Mensajer\u00eda, sobre cumplimiento de Normas Oficiales Mexicana en el comercio electr\u00f3nico, pago de impuestos y esquema simplificado para empresas de mensajer\u00eda. <\/p>\n<p>Se atendieron diversas reuniones con la Secretar\u00eda de Econom\u00eda, Cofepris, Profeco y Concamin sobre el cumplimiento de la NOM 051. <\/p>\n<p>Se atendieron diversas reuniones con el grupo de trabajo de coordinaci\u00f3n del Buen Fin 2023 (SAT, PROFECO, ECONOMIA, SHCP) y se atendi\u00f3 rueda de prensa de lanzamiento del registro.<\/p>\n<p>Se atendi\u00f3 con el Comit\u00e9 y el Gobierno de Jalisco el problema de emplacar motocicletas que se venden en tiendas.<\/p>\n<p>Se trabaj\u00f3 con Cofepris y la industria en la implementaci\u00f3n de la nueva legislaci\u00f3n que proh\u00edbe la venta de productos con alto contenido de grasas trans y se dar\u00e1 tiempo suficiente para agotar inventarios de producto nacional e importado (posiblemente 6-9 meses posterior a su entrada en vigor).<\/p>\n","protected":false},"excerpt":{"rendered":"<p>Se continuo con el trabajo con el Gobierno Federal en el Paquete Contra la Inflaci\u00f3n y la Carest\u00eda. Se dio seguimiento del convenio de concertaci\u00f3n para la mejora continua de pr\u00e1cticas comerciales con la Secretar\u00eda de Econom\u00eda; la Confederaci\u00f3n Nacional &hellip; <a href=\"https:\/\/informe.antad.net\/2024\/comite-comercial\/\"><\/a><\/p>\n","protected":false},"author":1,"featured_media":0,"parent":0,"menu_order":0,"comment_status":"closed","ping_status":"closed","template":"","meta":{"footnotes":""},"class_list":["post-910","page","type-page","status-publish","hentry"],"_links":{"self":[{"href":"https:\/\/informe.antad.net\/2024\/wp-json\/wp\/v2\/pages\/910","targetHints":{"allow":["GET"]}}],"collection":[{"href":"https:\/\/informe.antad.net\/2024\/wp-json\/wp\/v2\/pages"}],"about":[{"href":"https:\/\/informe.antad.net\/2024\/wp-json\/wp\/v2\/types\/page"}],"author":[{"embeddable":true,"href":"https:\/\/informe.antad.net\/2024\/wp-json\/wp\/v2\/users\/1"}],"replies":[{"embeddable":true,"href":"https:\/\/informe.antad.net\/2024\/wp-json\/wp\/v2\/comments?post=910"}],"version-history":[{"count":22,"href":"https:\/\/informe.antad.net\/2024\/wp-json\/wp\/v2\/pages\/910\/revisions"}],"predecessor-version":[{"id":2925,"href":"https:\/\/informe.antad.net\/2024\/wp-json\/wp\/v2\/pages\/910\/revisions\/2925"}],"wp:attachment":[{"href":"https:\/\/informe.antad.net\/2024\/wp-json\/wp\/v2\/media?parent=910"}],"curies":[{"name":"wp","href":"https:\/\/api.w.org\/{rel}","templated":true}]}}