
{"id":915,"date":"2023-03-04T21:15:44","date_gmt":"2023-03-05T03:15:44","guid":{"rendered":"https:\/\/informe.antad.net\/2024\/?page_id=915"},"modified":"2024-03-11T23:15:11","modified_gmt":"2024-03-12T05:15:11","slug":"comite-farmacias","status":"publish","type":"page","link":"https:\/\/informe.antad.net\/2024\/comite-farmacias\/","title":{"rendered":"Comit\u00e9 Farmacias"},"content":{"rendered":"<div class=\"wpb-content-wrapper\"><p>[vc_row][vc_column][vc_column_text]Se continuo con los trabajos con COFEPRIS para contar con recetas electr\u00f3nicas para el suministro de medicamentos.<\/p>\n<p>Participaci\u00f3n en las reuniones mensuales de la Comisi\u00f3n de Salud del Consejo Coordinador Empresarial.[\/vc_column_text][\/vc_column][\/vc_row]<\/p>\n<\/div>","protected":false},"excerpt":{"rendered":"<p>[vc_row][vc_column][vc_column_text]Se continuo con los trabajos con COFEPRIS para contar con recetas electr\u00f3nicas para el suministro de medicamentos. Participaci\u00f3n en las reuniones mensuales de la Comisi\u00f3n de Salud del Consejo Coordinador Empresarial.[\/vc_column_text][\/vc_column][\/vc_row]<\/p>\n","protected":false},"author":1,"featured_media":0,"parent":0,"menu_order":0,"comment_status":"closed","ping_status":"closed","template":"","meta":{"footnotes":""},"class_list":["post-915","page","type-page","status-publish","hentry"],"_links":{"self":[{"href":"https:\/\/informe.antad.net\/2024\/wp-json\/wp\/v2\/pages\/915","targetHints":{"allow":["GET"]}}],"collection":[{"href":"https:\/\/informe.antad.net\/2024\/wp-json\/wp\/v2\/pages"}],"about":[{"href":"https:\/\/informe.antad.net\/2024\/wp-json\/wp\/v2\/types\/page"}],"author":[{"embeddable":true,"href":"https:\/\/informe.antad.net\/2024\/wp-json\/wp\/v2\/users\/1"}],"replies":[{"embeddable":true,"href":"https:\/\/informe.antad.net\/2024\/wp-json\/wp\/v2\/comments?post=915"}],"version-history":[{"count":23,"href":"https:\/\/informe.antad.net\/2024\/wp-json\/wp\/v2\/pages\/915\/revisions"}],"predecessor-version":[{"id":2926,"href":"https:\/\/informe.antad.net\/2024\/wp-json\/wp\/v2\/pages\/915\/revisions\/2926"}],"wp:attachment":[{"href":"https:\/\/informe.antad.net\/2024\/wp-json\/wp\/v2\/media?parent=915"}],"curies":[{"name":"wp","href":"https:\/\/api.w.org\/{rel}","templated":true}]}}