
{"id":920,"date":"2023-03-04T21:16:08","date_gmt":"2023-03-05T03:16:08","guid":{"rendered":"https:\/\/informe.antad.net\/2024\/?page_id=920"},"modified":"2024-03-11T23:16:01","modified_gmt":"2024-03-12T05:16:01","slug":"comite-comercio-electronico","status":"publish","type":"page","link":"https:\/\/informe.antad.net\/2024\/comite-comercio-electronico\/","title":{"rendered":"Comit\u00e9 Comercio Electr\u00f3nico"},"content":{"rendered":"<div class=\"wpb-content-wrapper\"><p>[vc_row][vc_column][vc_column_text]<\/p>\n<p class=\"p1\">El Comit\u00e9 trabajo permanentemente con el SAT y la Secretar\u00eda de Econom\u00eda para igualar la regulaci\u00f3n aplicable en el comercio electr\u00f3nico con las importaciones tradicionales. Se lograron diversas modificaciones a las reglas de comercio exterior, carta porte y en materia de comercio electr\u00f3nico.<\/p>\n<p class=\"p1\">Se atendieron diversas reuniones con la Secretar\u00eda de Seguridad P\u00fablica y Protecci\u00f3n Ciudadana, para dar seguimiento a la agenda de trabajo en conjunto con el Consejo Coordinador Empresarial sobre ciberseguridad.<\/p>\n<p class=\"p1\">Se atendieron diversas reuniones con la Secretar\u00eda de Hacienda, SAT, Concamin, Coparmex, Asociaci\u00f3n de Empresas de Mensajer\u00eda, sobre cumplimiento de Normas Oficiales Mexicana en el comercio electr\u00f3nico, pago de impuestos y esquema simplificado para empresas de mensajer\u00eda.<span class=\"Apple-converted-space\">\u00a0<\/span><\/p>\n<p>[\/vc_column_text][\/vc_column][\/vc_row]<\/p>\n<\/div>","protected":false},"excerpt":{"rendered":"<p>[vc_row][vc_column][vc_column_text] El Comit\u00e9 trabajo permanentemente con el SAT y la Secretar\u00eda de Econom\u00eda para igualar la regulaci\u00f3n aplicable en el comercio electr\u00f3nico con las importaciones tradicionales. Se lograron diversas modificaciones a las reglas de comercio exterior, carta porte y en &hellip; <a href=\"https:\/\/informe.antad.net\/2024\/comite-comercio-electronico\/\"><\/a><\/p>\n","protected":false},"author":1,"featured_media":0,"parent":0,"menu_order":0,"comment_status":"closed","ping_status":"closed","template":"","meta":{"footnotes":""},"class_list":["post-920","page","type-page","status-publish","hentry"],"_links":{"self":[{"href":"https:\/\/informe.antad.net\/2024\/wp-json\/wp\/v2\/pages\/920","targetHints":{"allow":["GET"]}}],"collection":[{"href":"https:\/\/informe.antad.net\/2024\/wp-json\/wp\/v2\/pages"}],"about":[{"href":"https:\/\/informe.antad.net\/2024\/wp-json\/wp\/v2\/types\/page"}],"author":[{"embeddable":true,"href":"https:\/\/informe.antad.net\/2024\/wp-json\/wp\/v2\/users\/1"}],"replies":[{"embeddable":true,"href":"https:\/\/informe.antad.net\/2024\/wp-json\/wp\/v2\/comments?post=920"}],"version-history":[{"count":23,"href":"https:\/\/informe.antad.net\/2024\/wp-json\/wp\/v2\/pages\/920\/revisions"}],"predecessor-version":[{"id":2928,"href":"https:\/\/informe.antad.net\/2024\/wp-json\/wp\/v2\/pages\/920\/revisions\/2928"}],"wp:attachment":[{"href":"https:\/\/informe.antad.net\/2024\/wp-json\/wp\/v2\/media?parent=920"}],"curies":[{"name":"wp","href":"https:\/\/api.w.org\/{rel}","templated":true}]}}