
{"id":925,"date":"2023-03-04T21:16:34","date_gmt":"2023-03-05T03:16:34","guid":{"rendered":"https:\/\/informe.antad.net\/2024\/?page_id=925"},"modified":"2024-03-11T23:15:39","modified_gmt":"2024-03-12T05:15:39","slug":"comite-comercio-exterior","status":"publish","type":"page","link":"https:\/\/informe.antad.net\/2024\/comite-comercio-exterior\/","title":{"rendered":"Comit\u00e9 Comercio Exterior"},"content":{"rendered":"<p>Se atendieron diversas reuniones del Comit\u00e9 de Operaci\u00f3n Aduanera de la SHCP, para promover la mejora regulatoria en las actividades de comercio exterior y del Consejo Asesor del Servicio de Administraci\u00f3n Tributaria.<\/p>\n<p>Participaci\u00f3n en el Consejo Asesor del Servicio de Administraci\u00f3n Tributar\u00eda, para determinar el destino de bienes decomisados. <\/p>\n<p>Se trabajo en la simplificaci\u00f3n de cuantas aduaneras, permisos previos, acreditaci\u00f3n de la importaci\u00f3n en el traslado de mercanc\u00edas entre otros.<\/p>\n<p>Se atendieron diversas reuniones de la Comisi\u00f3n de Fiscal del Consejo Coordinador Empresarial.<\/p>\n<p>Se atendieron diversas reuniones con la Secretar\u00eda de Hacienda, SAT, Concamin, Coparmex, Asociaci\u00f3n de Empresas de Mensajer\u00eda, sobre cumplimiento de Normas Oficiales Mexicana en el comercio electr\u00f3nico, pago de impuestos y esquema simplificado para empresas de mensajer\u00eda.<\/p>\n<p>Se trabajos en el desarrollo de la carta porte y se logro ampliar su entrada en vigor.<\/p>\n","protected":false},"excerpt":{"rendered":"<p>Se atendieron diversas reuniones del Comit\u00e9 de Operaci\u00f3n Aduanera de la SHCP, para promover la mejora regulatoria en las actividades de comercio exterior y del Consejo Asesor del Servicio de Administraci\u00f3n Tributaria. Participaci\u00f3n en el Consejo Asesor del Servicio de &hellip; <a href=\"https:\/\/informe.antad.net\/2024\/comite-comercio-exterior\/\"><\/a><\/p>\n","protected":false},"author":1,"featured_media":0,"parent":0,"menu_order":0,"comment_status":"closed","ping_status":"closed","template":"","meta":{"footnotes":""},"class_list":["post-925","page","type-page","status-publish","hentry"],"_links":{"self":[{"href":"https:\/\/informe.antad.net\/2024\/wp-json\/wp\/v2\/pages\/925","targetHints":{"allow":["GET"]}}],"collection":[{"href":"https:\/\/informe.antad.net\/2024\/wp-json\/wp\/v2\/pages"}],"about":[{"href":"https:\/\/informe.antad.net\/2024\/wp-json\/wp\/v2\/types\/page"}],"author":[{"embeddable":true,"href":"https:\/\/informe.antad.net\/2024\/wp-json\/wp\/v2\/users\/1"}],"replies":[{"embeddable":true,"href":"https:\/\/informe.antad.net\/2024\/wp-json\/wp\/v2\/comments?post=925"}],"version-history":[{"count":20,"href":"https:\/\/informe.antad.net\/2024\/wp-json\/wp\/v2\/pages\/925\/revisions"}],"predecessor-version":[{"id":2927,"href":"https:\/\/informe.antad.net\/2024\/wp-json\/wp\/v2\/pages\/925\/revisions\/2927"}],"wp:attachment":[{"href":"https:\/\/informe.antad.net\/2024\/wp-json\/wp\/v2\/media?parent=925"}],"curies":[{"name":"wp","href":"https:\/\/api.w.org\/{rel}","templated":true}]}}