
{"id":940,"date":"2023-03-04T21:17:53","date_gmt":"2023-03-05T03:17:53","guid":{"rendered":"https:\/\/informe.antad.net\/2024\/?page_id=940"},"modified":"2024-03-11T23:16:15","modified_gmt":"2024-03-12T05:16:15","slug":"comite-fiscal","status":"publish","type":"page","link":"https:\/\/informe.antad.net\/2024\/comite-fiscal\/","title":{"rendered":"Comit\u00e9 Fiscal"},"content":{"rendered":"<p>El Comit\u00e9 concert\u00f3 diversas reuniones con la SHCP y el SAT, para dar seguimiento a los temas sobre CFDI versi\u00f3n 4.0, Carta Porte, devoluciones de IVA y CFDI de factura global diaria.<\/p>\n<p>Se logr\u00f3 la modificaci\u00f3n de las reglas de la miscel\u00e1nea fiscal respecto a la Factura Global Diaria. <\/p>\n<p>Se dio seguimiento con el SAT a la compensaci\u00f3n de IVA, declaraciones anuales y pagos provisionales. <\/p>\n<p>Participaci\u00f3n en las reuniones mensuales de la Comisi\u00f3n Fiscal del Consejo Coordinador Empresarial.<\/p>\n","protected":false},"excerpt":{"rendered":"<p>El Comit\u00e9 concert\u00f3 diversas reuniones con la SHCP y el SAT, para dar seguimiento a los temas sobre CFDI versi\u00f3n 4.0, Carta Porte, devoluciones de IVA y CFDI de factura global diaria. Se logr\u00f3 la modificaci\u00f3n de las reglas de &hellip; <a href=\"https:\/\/informe.antad.net\/2024\/comite-fiscal\/\"><\/a><\/p>\n","protected":false},"author":1,"featured_media":0,"parent":0,"menu_order":0,"comment_status":"closed","ping_status":"closed","template":"","meta":{"footnotes":""},"class_list":["post-940","page","type-page","status-publish","hentry"],"_links":{"self":[{"href":"https:\/\/informe.antad.net\/2024\/wp-json\/wp\/v2\/pages\/940","targetHints":{"allow":["GET"]}}],"collection":[{"href":"https:\/\/informe.antad.net\/2024\/wp-json\/wp\/v2\/pages"}],"about":[{"href":"https:\/\/informe.antad.net\/2024\/wp-json\/wp\/v2\/types\/page"}],"author":[{"embeddable":true,"href":"https:\/\/informe.antad.net\/2024\/wp-json\/wp\/v2\/users\/1"}],"replies":[{"embeddable":true,"href":"https:\/\/informe.antad.net\/2024\/wp-json\/wp\/v2\/comments?post=940"}],"version-history":[{"count":23,"href":"https:\/\/informe.antad.net\/2024\/wp-json\/wp\/v2\/pages\/940\/revisions"}],"predecessor-version":[{"id":2929,"href":"https:\/\/informe.antad.net\/2024\/wp-json\/wp\/v2\/pages\/940\/revisions\/2929"}],"wp:attachment":[{"href":"https:\/\/informe.antad.net\/2024\/wp-json\/wp\/v2\/media?parent=940"}],"curies":[{"name":"wp","href":"https:\/\/api.w.org\/{rel}","templated":true}]}}