
{"id":945,"date":"2023-03-04T21:18:20","date_gmt":"2023-03-05T03:18:20","guid":{"rendered":"https:\/\/informe.antad.net\/2024\/?page_id=945"},"modified":"2024-03-11T23:52:03","modified_gmt":"2024-03-12T05:52:03","slug":"comite-seguridad","status":"publish","type":"page","link":"https:\/\/informe.antad.net\/2024\/comite-seguridad\/","title":{"rendered":"Comit\u00e9 Seguridad"},"content":{"rendered":"<div class=\"wpb-content-wrapper\"><p>[vc_row][vc_column][vc_column_text]Se atendieron reuniones con la Secretar\u00eda de Seguridad y Protecci\u00f3n Ciudadana para establecer acciones para reducir riesgos de inseguridad en tiendas, extorsiones, saqueos y robo en carreteras.<\/p>\n<p>Se atendieron diversas reuniones con la Secretar\u00eda de Seguridad de la CDMX y EDOMEX para establecer estrategias de colaboraci\u00f3n para reducir las incidencias delictivas.<\/p>\n<p>Participaci\u00f3n en diversas reuniones de los Comit\u00e9s de Abasto para Situaciones de Emergencia en distintos estados de la rep\u00fablica.<\/p>\n<p>Participaci\u00f3n en las reuniones mensuales de la Comisi\u00f3n de Seguridad del Consejo Coordinador Empresarial.<\/p>\n<p>Participaci\u00f3n en las reuniones mensuales de la Comisi\u00f3n de Ciberseguridad del Consejo Coordinador Empresarial.<\/p>\n<p>Se continuo con la operaci\u00f3n y coordinaci\u00f3n de los 45 grupos regionales de seguridad con la participaci\u00f3n de autoridades estatales y municipales.<\/p>\n<p>Se realiz\u00f3 el Simposio de Seguridad 2023.<\/p>\n<p>Se realiz\u00f3 el Censo de Mermas 2022 que fue de 1.7% del valor de las ventas anuales.<\/p>\n<p>Se atendieron reuniones con la Secretar\u00eda de Seguridad, Guardia Nacional para establecer acciones para reducir riesgos de inseguridad en carreteras.<\/p>\n<p>Se dio seguimiento con la Secretar\u00eda de Seguridad P\u00fablica y Protecci\u00f3n Ciudadana y el Consejo Coordinador Empresarial la mesa de trabajo sobre ciberseguridad.[\/vc_column_text][\/vc_column][\/vc_row]<\/p>\n<\/div>","protected":false},"excerpt":{"rendered":"<p>[vc_row][vc_column][vc_column_text]Se atendieron reuniones con la Secretar\u00eda de Seguridad y Protecci\u00f3n Ciudadana para establecer acciones para reducir riesgos de inseguridad en tiendas, extorsiones, saqueos y robo en carreteras. Se atendieron diversas reuniones con la Secretar\u00eda de Seguridad de la CDMX y &hellip; <a href=\"https:\/\/informe.antad.net\/2024\/comite-seguridad\/\"><\/a><\/p>\n","protected":false},"author":1,"featured_media":0,"parent":0,"menu_order":0,"comment_status":"closed","ping_status":"closed","template":"","meta":{"footnotes":""},"class_list":["post-945","page","type-page","status-publish","hentry"],"_links":{"self":[{"href":"https:\/\/informe.antad.net\/2024\/wp-json\/wp\/v2\/pages\/945","targetHints":{"allow":["GET"]}}],"collection":[{"href":"https:\/\/informe.antad.net\/2024\/wp-json\/wp\/v2\/pages"}],"about":[{"href":"https:\/\/informe.antad.net\/2024\/wp-json\/wp\/v2\/types\/page"}],"author":[{"embeddable":true,"href":"https:\/\/informe.antad.net\/2024\/wp-json\/wp\/v2\/users\/1"}],"replies":[{"embeddable":true,"href":"https:\/\/informe.antad.net\/2024\/wp-json\/wp\/v2\/comments?post=945"}],"version-history":[{"count":23,"href":"https:\/\/informe.antad.net\/2024\/wp-json\/wp\/v2\/pages\/945\/revisions"}],"predecessor-version":[{"id":2939,"href":"https:\/\/informe.antad.net\/2024\/wp-json\/wp\/v2\/pages\/945\/revisions\/2939"}],"wp:attachment":[{"href":"https:\/\/informe.antad.net\/2024\/wp-json\/wp\/v2\/media?parent=945"}],"curies":[{"name":"wp","href":"https:\/\/api.w.org\/{rel}","templated":true}]}}