
{"id":950,"date":"2023-03-04T21:18:44","date_gmt":"2023-03-05T03:18:44","guid":{"rendered":"https:\/\/informe.antad.net\/2024\/?page_id=950"},"modified":"2025-03-23T17:01:18","modified_gmt":"2025-03-23T23:01:18","slug":"recursos-humanos","status":"publish","type":"page","link":"https:\/\/informe.antad.net\/2024\/recursos-humanos\/","title":{"rendered":"Recursos Humanos"},"content":{"rendered":"<p>Se han actualizado y reforzado los temas que impactan a las \u00e1reas de recursos humanos, a trav\u00e9s de sus representantes del comit\u00e9 de recursos humanos y subcomit\u00e9s.<\/p>\n<p>Los 6 subcomit\u00e9s que se tienen son: Administraci\u00f3n de Personal, Capacitaci\u00f3n, Reclutamiento y Selecci\u00f3n, Sueldos y Compensaciones, Seguridad y Salud y Diversidad e Inclusi\u00f3n.<\/p>\n<p>A continuaci\u00f3n, se describen las acciones realizadas durante el 2024:<\/p>\n<p><strong>Comit\u00e9 RRHH Titulares\u202f<\/strong><\/p>\n<p>Se llev\u00f3 a cabo la pl\u00e1tica referente a la: \u201cResponsabilidad penal de las empresas por el delito de explotaci\u00f3n laboral\u201d\u202fcon la participaci\u00f3n del Presidente de la Comisi\u00f3n Laboral del CCE y de Dr. Albertico Guinto Doctor en Ciencias Jur\u00eddico-penales, con la asistencia de 62 participantes.<\/p>\n<p>Se participo del Taller de la CONSAR denominado \u201cCURSAR IMSS\u201d con la asistencia de 16 participantes.<\/p>\n<p>Comisi\u00f3n de Educaci\u00f3n, Comisi\u00f3n Laboral, Comisi\u00f3n de Inclusi\u00f3n, Comisi\u00f3n de la Formaci\u00f3n Dual del CCE<\/p>\n<p>Se tuvieron reuniones con la Comisi\u00f3n de Educaci\u00f3n para revisar los programas de educaci\u00f3n b\u00e1sica, media superior y superior, avance en los programas de j\u00f3venes construyendo el futuro y modelo de formaci\u00f3n dual.<\/p>\n<p>En el marco de la Comisi\u00f3n Laboral las iniciativas de impacto para el sector como reducci\u00f3n de jornada, ley silla, aguinaldo, entre otras.<\/p>\n<p>En temas de diversidad e inclusi\u00f3n se presentaron diversas propuestas para combatir la violencia de g\u00e9nero y laboral, impulsar la equidad de g\u00e9nero, as\u00ed como un indicador para medir el nivel de implementaci\u00f3n en las Cadenas.<\/p>\n<p><strong>Encuestas R\u00e1pidas<\/strong><\/p>\n<p>Es la forma de obtener de manera r\u00e1pida informaci\u00f3n referente a alg\u00fan tema de inter\u00e9s o inquietud. Los resultados se comparten con las empresas participantes.<\/p>\n<p>Se realizaron 4 encuestas:<\/p>\n<ol>\n<li>Actualizaci\u00f3n de Incremento Salarial 2024 \u2013 participaci\u00f3n de 26 Cadenas.<\/li>\n<li>Proyecci\u00f3n de Incremento Salarial 2025 \u2013 participaci\u00f3n de 18 Cadenas.<\/li>\n<li>An\u00e1lisis del Costo de la N\u00f3mina Sobre las ventas \u2013 participaci\u00f3n de 14 Cadenas.<\/li>\n<li>Impacto de la reducci\u00f3n de jornada laboral en el sector &#8211; participaci\u00f3n de 21 Cadenas.<\/li>\n<\/ol>\n<p><strong>Subcomit\u00e9 de Administraci\u00f3n de Personal<\/strong><\/p>\n<p>Estudio de Rotaci\u00f3n de Personal Mensual<\/p>\n<p>Con base a las reuniones sostenidas en el Subcomit\u00e9 de Administraci\u00f3n de Personal se continuo este 2024 con el reporte de rotaci\u00f3n mensual.<\/p>\n<p>Asi mismo se habilit\u00f3 el reporte de rotaci\u00f3n semestral que incluye de acuerdo con grupos de puestos de personal operativo las causas de las bajas voluntarias e involuntarias, la antig\u00fcedad de las bajas.<\/p>\n<p>El inter\u00e9s de poder medir rotaci\u00f3n por g\u00e9nero y generaci\u00f3n se habilit\u00f3 una Encuesta R\u00e1pida para aquellas cadenas que cuentan con la medici\u00f3n de esta informaci\u00f3n y ser\u00e1 un reporte global no por formato de tienda.<\/p>\n<p>A continuaci\u00f3n, se muestra la participaci\u00f3n de las Cadenas en el Estudio de Rotaci\u00f3n Mensual, en los distintos formatos Autoservicio y Departamental:<\/p>\n<p><strong>Enero<\/strong><br \/>\nAutoservicio: 17 Cadenas que representan el 84% del piso de venta.<br \/>\nDepartamental: 26 Cadenas que representan 88% del piso de venta.<\/p>\n<p><strong>Febrero<\/strong><br \/>\nAutoservicio: 17 Cadenas que representan el 84% del piso de venta.<br \/>\nDepartamental: 25 Cadenas que representan 85% del piso de venta.<\/p>\n<p><strong>Marzo<\/strong><br \/>\nAutoservicio: 18 Cadenas que representan el 85% del piso de venta.<br \/>\nDepartamental: 27 Cadenas que representan 86% del piso de venta.<\/p>\n<p><strong>Abril<\/strong><br \/>\nAutoservicio: 16 Cadenas que representan el 83% del piso de venta.<br \/>\nDepartamental: 28 Cadenas que representan 87% del piso de venta.<\/p>\n<p><strong>Mayo<\/strong><br \/>\nAutoservicio: 16 Cadenas que representan el 83% del piso de venta.<br \/>\nDepartamental: 27 Cadenas que representan 86% del piso de venta.<\/p>\n<p><strong>Junio<\/strong><br \/>\nAutoservicio: 16 Cadenas que representan el 83% del piso de venta.<br \/>\nDepartamental: 26 Cadenas que representan 60% del piso de venta.<\/p>\n<p><strong>Julio<\/strong><br \/>\nAutoservicio: 16 Cadenas que representan el 83% del piso de venta.<br \/>\nDepartamental: 28 Cadenas que representan 64% del piso de venta.<\/p>\n<p><strong>Agosto<\/strong><br \/>\nAutoservicio: 16 Cadenas que representan el 83% del piso de venta.<br \/>\nDepartamental: 28 Cadenas que representan 64% del piso de venta.<\/p>\n<p>Con base en el \u00edndice de rotaci\u00f3n ANTAD, los 3 estados que presentaron un comportamiento con mayor rotaci\u00f3n los primeros 8 meses (Enero a Agosto) del a\u00f1o, en el formato de Autoservicio fueron: 50% Baja California Sur, 37.5% Nayarit y 12.5% Colima, para el formato de Departamentales fueron: 50% Nuevo L\u00e9on, 25% Chihuahua, 12.5% Baja California Sur y finalmente 12.5% para Colima.<\/p>\n<p><strong>Subcomit\u00e9 de Capacitaci\u00f3n<\/strong><\/p>\n<p><strong>Universidad ANTAD<\/strong><\/p>\n<p>A dos a\u00f1os de su creaci\u00f3n la Universidad ANTAD ha presentado a las Cadenas Asociadas una alternativa Acad\u00e9mica formada especialmente para los colaboradores que hoy d\u00eda viven el mundo laboral y sus retos. El programa actualmente cuenta con Bachillerato con formaci\u00f3n para el trabajo, 6 Licenciaturas, 4 Especialidades y 2 Maestr\u00edas.<\/p>\n<p>En el 2024 cerramos con 37 participantes en las diferentes licenciaturas, 1 titulaci\u00f3n en la maestr\u00eda de Gesti\u00f3n del cambio e innovaci\u00f3n de las siguientes cadenas: Autozone, La Comer, Officemax, Shasa y Super Gutierrez.<\/p>\n<p><strong>Cursos<\/strong><\/p>\n<p>Se llev\u00f3 a cabo el Diplomado en Liderazgo Gerencial el pasado mes de mayo culminando en el mes de octubre, 12 semanas de capacitaci\u00f3n con la participaci\u00f3n de 20 personas.<\/p>\n<p>Se impartieron los Talleres: \u201cC\u00f3mo atender una inspecci\u00f3n del trabajo\u201d y \u201cDefendiendo a la empresa en un procedimiento de inspecci\u00f3n\u201d\u202fcon la participaci\u00f3n de 40 participantes y 15 Cadenas Asociadas.<\/p>\n<p>Subcomit\u00e9 de Reclutamiento y Selecci\u00f3n<\/p>\n<p><strong>BIA (Bolsa de Trabajo Inteligente ANTAD)<\/strong><\/p>\n<p>Contamos con Facebook y LinkedIn para publicar las vacantes operativas y ejecutivas de las Cadenas Asociadas, se realizaron 8 publicaciones en este 2024.<\/p>\n<p>Algunas de las posiciones publicadas fueron:<\/p>\n<ul>\n<li>Vendedores Belleza<\/li>\n<li>Asesores Click &amp; Collect<\/li>\n<li>Baristas<\/li>\n<li>Meseros<\/li>\n<li>Hostess<\/li>\n<li>Garroteros<\/li>\n<li>Cocineros<\/li>\n<li>Guardias de Seguridad<\/li>\n<\/ul>\n<p>Contin\u00faa la gesti\u00f3n de los 4 grupos de WhatsApp en CDMX, Guadalajara, Jalisco y Nuevo Le\u00f3n, en donde las cadenas apoyan el intercambio de candidatos y cubrir vacantes urgentes, se ha creado un grupo reciente denominado Sur que abarca Tabasco, Quintana Roo y Yucat\u00e1n:<\/p>\n<p>Ciudad de M\u00e9xico &#8211; 58 participantes<br \/>\nGuadalajara, Jalisco &#8211; 38 participantes<br \/>\nMonterrey, Nuevo Le\u00f3n \u2013 25 participantes<br \/>\nSur &#8211; 24 participantes<\/p>\n<p>En el perfil de LinkedIn ANTAD Recursos Humanos actualmente se cuenta con 10,482 seguidores y se publicaron este 2024.<\/p>\n<p>Centro de Evaluaci\u00f3n en L\u00ednea de Reclutamiento y Selecci\u00f3n (CELRS)<\/p>\n<p>Se aplicaron 20 pruebas Profit a \u00d3pticas Lux.<\/p>\n<p><strong>Expo ANTAD &amp; Alimentaria M\u00e9xico 2024<\/strong><\/p>\n<p>En el marco de Expo ANTAD se organiz\u00f3 un programa de RETAIL TALKS con 2 espacios especiales en el Sal\u00f3n Guadalajara denominados m\u00e1ster y mediasnapshot con 6 trend topics Media &amp; Marketing, Sostenibilidad, Transformaci\u00f3n Digital y cadenas de suministro, abarcando 27 conferencias y la asistencia de 2,450 participantes.<\/p>\n<p>En esta edici\u00f3n continuamos con la transmisi\u00f3n en vivo de las super sesiones, as\u00ed como transmisi\u00f3n de algunas conferencias silenciosas.<\/p>\n<p>Las conferencias impartidas fueron:<\/p>\n<p>Perspectivas Pol\u00edticas 2024-Luis Carlos Ugalde, Evoluci\u00f3n o Revoluci\u00f3n del retail-Moises Galindo\/Versatil the IT Company, Tendencias del Mercado Mexicano y el futuro del retail-Roberto Butrague\u00f1o\/NielsenIQ , Brick &amp; Mortar Re-Imagined: The Store transformed-Leon Nicholas\/Westrock, El arte de ganar con personalizaci\u00f3n: Satisfacci\u00f3n del cliente \u00e9xito del proveedor y crecimiento del detallista-David Jaime\/NielsenIQ, El reto de la lealtad del retail ante un nuevo comprador-Francisco Luna Director General \/Kantar M\u00e9xico, Plant-Based Perception: Su impacto en la industria de consumo-Juan Vilches Director General\/Food Innovation Studio, Grocery Innovation and the new customer journey-Daniel Hodges\/Retail Store Tours,<\/p>\n<p>Conectando con el consumidor: IA, Redes Sociales y Videojuegos-Graciana M\u00e9ndez\/Mintel, Taller: El \u00e1rbol de decisi\u00f3n: Entendiendo al shopper para una mejor ejecuci\u00f3n-Fernando Gir\u00f3n y Daniel \u00c1ngeles\/Kantar M\u00e9xico, &#8220;Comercio Electr\u00f3nico 2024: Perspectivas y Oportunidades&#8221;\u200b-Pierre-Claude Blaise\/AMVO, B2ME: Nuevo paradigma de la inteligencia artificial para consumidores m\u00e1s exigentes-Jos\u00e9 Ambe\/LDM Consulting, &#8220;Nuevas tendencias en sustentabilidad: El potencial de los modelos de reuso&#8221;-Paolo Mazza\/Mercado Circular, &#8220;El pensamiento efectivo para prosperar en los negocios&#8221;-Mario Correa, Oportunidades de fidelizaci\u00f3n en Foodservice-Roc\u00edo Franco\/Euromonitor International, The ideal blend: Surtido perfecto y tendencias del mercado-Daniela Balcazar\/NielsenIQ, Panel: Retail con Inteligencia humana y sustentable&#8221;\u200b-Eduardo Fuentes, Fernando Alonso, Isaac Lucatero y Mois\u00e9s Galindo, Ejecuci\u00f3n eficiente en el PDV con Inteligencia Artificial. Casos pr\u00e1cticos-Laura Sandoval\/AILET, Inteligencia artificial en la industria c\u00e1rnica-Hugo Fragoso\/ANETIF, El perfil del consumidor Latino en USA-Lupillo Ram\u00edrez\/Latino Food Industry Association, El superpoder de convertir la gesti\u00f3n de los datos de un centro de costos a ganancias-Rams\u00e9s Landaverde\/SALIENT, Panorama e importancia de los Censos Econ\u00f3micos 2024.-Susana P\u00e9rez\/INEGI,<\/p>\n<p><strong>Generando estrategias evolutivas de ciberseguridad&#8221;-Carlos Garc\u00eda\/TELMEX,<\/strong><\/p>\n<p>Importa o Exporta f\u00e1cilmente entre Canad\u00e1 y M\u00e9xico con los TLC-Genevieve Dionne\/Embajada de Canad\u00e1, C\u00f3mo llegar al mercado latino en USA cumpliendo las normas regulatorias-Miguel Mej\u00eda\/Mej\u00eda Food Global Trade Consulting.<\/p>\n","protected":false},"excerpt":{"rendered":"<p>Se han actualizado y reforzado los temas que impactan a las \u00e1reas de recursos humanos, a trav\u00e9s de sus representantes del comit\u00e9 de recursos humanos y subcomit\u00e9s. Los 6 subcomit\u00e9s que se tienen son: Administraci\u00f3n de Personal, Capacitaci\u00f3n, Reclutamiento y &hellip; <a href=\"https:\/\/informe.antad.net\/2024\/recursos-humanos\/\"><\/a><\/p>\n","protected":false},"author":1,"featured_media":0,"parent":0,"menu_order":0,"comment_status":"closed","ping_status":"closed","template":"","meta":{"footnotes":""},"class_list":["post-950","page","type-page","status-publish","hentry"],"_links":{"self":[{"href":"https:\/\/informe.antad.net\/2024\/wp-json\/wp\/v2\/pages\/950","targetHints":{"allow":["GET"]}}],"collection":[{"href":"https:\/\/informe.antad.net\/2024\/wp-json\/wp\/v2\/pages"}],"about":[{"href":"https:\/\/informe.antad.net\/2024\/wp-json\/wp\/v2\/types\/page"}],"author":[{"embeddable":true,"href":"https:\/\/informe.antad.net\/2024\/wp-json\/wp\/v2\/users\/1"}],"replies":[{"embeddable":true,"href":"https:\/\/informe.antad.net\/2024\/wp-json\/wp\/v2\/comments?post=950"}],"version-history":[{"count":127,"href":"https:\/\/informe.antad.net\/2024\/wp-json\/wp\/v2\/pages\/950\/revisions"}],"predecessor-version":[{"id":2954,"href":"https:\/\/informe.antad.net\/2024\/wp-json\/wp\/v2\/pages\/950\/revisions\/2954"}],"wp:attachment":[{"href":"https:\/\/informe.antad.net\/2024\/wp-json\/wp\/v2\/media?parent=950"}],"curies":[{"name":"wp","href":"https:\/\/api.w.org\/{rel}","templated":true}]}}