
{"id":955,"date":"2023-03-04T21:19:21","date_gmt":"2023-03-05T03:19:21","guid":{"rendered":"https:\/\/informe.antad.net\/2024\/?page_id=955"},"modified":"2025-03-23T16:49:00","modified_gmt":"2025-03-23T22:49:00","slug":"comite-relaciones-gubernamentales","status":"publish","type":"page","link":"https:\/\/informe.antad.net\/2024\/comite-relaciones-gubernamentales\/","title":{"rendered":"Direcci\u00f3n de Relaciones con Gobierno"},"content":{"rendered":"<div class=\"wpb-content-wrapper\"><p>[vc_row][vc_column][vc_column_text]Se present\u00f3 agenda de ANTAD a los precandidatos a la presidencia de la rep\u00fablica y al gobierno entrante legal y ampliado. Secretar\u00eda de Hacienda, Secretar\u00eda de Econom\u00eda, Secretar\u00eda del Trabajo, Secretar\u00eda de Seguridad, Secretar\u00eda de Agricultura, Senasica, Profeco, Asociaci\u00f3n de Secretarios de Desarrollo Econ\u00f3mico, Secretarias de Desarrollo Econ\u00f3mico de CDMX-Edomex-Quintana Roo, Gobierno de la CDMX y Edomex.<\/p>\n<p>Se continuo con el trabajo con el Gobierno Federal en el Paquete Contra la Inflaci\u00f3n y la Carest\u00eda.<\/p>\n<p>Se dio seguimiento del convenio de concertaci\u00f3n para la mejora continua de pr\u00e1cticas comerciales con la Secretar\u00eda de Econom\u00eda; la Confederaci\u00f3n Nacional de C\u00e1maras Industriales de los Estados Unidos Mexicanos; la C\u00e1mara Nacional de la Industria de la Transformaci\u00f3n; el Consejo Mexicano de la Industria de Productos de Consumo, A. C.; la Asociaci\u00f3n Nacional de Tiendas de Autoservicio y Departamentales, A.C. y el Consejo Nacional Agropecuario, A.C.<\/p>\n<p>Se particip\u00f3 durante el a\u00f1o en las sesiones del Consejo Nacional de Infraestructura de la Calidad, Comit\u00e9 Consultivo Nacional de Normalizaci\u00f3n de la Secretar\u00eda de Econom\u00eda, Se atendi\u00f3 reuni\u00f3n de la Comisi\u00f3n Nacional de Infraestructura de la Calidad, Comit\u00e9 Consultivo Nacional de Normalizaci\u00f3n de COFEPRIS y Comit\u00e9 Consultivo Nacional de Normalizaci\u00f3n de SADER.<\/p>\n<p>Se particip\u00f3 durante el a\u00f1o en las sesiones del Consejo del Consumo de Profeco, Consejo del Consumo de Profeco CDMX y Consejo del Consumo de Profeco Estado de M\u00e9xico.<\/p>\n<p>Se atendieron diversas reuniones con la Secretar\u00eda de Hacienda, SAT, Concamin, Coparmex, Asociaci\u00f3n de Empresas de Mensajer\u00eda, sobre cumplimiento de Normas Oficiales Mexicana en el comercio electr\u00f3nico, pago de impuestos y esquema simplificado para empresas de mensajer\u00eda.<\/p>\n<p>Se atendieron diversas reuniones con el grupo de trabajo de coordinaci\u00f3n del Buen Fin 2024 (SAT, PROFECO, ECONOMIA, SHCP) y se atendi\u00f3 rueda de prensa de lanzamiento del registro.<\/p>\n<p>Participaci\u00f3n en la entidad normalizadora SIAAC Sociedad Internacional de Acreditaci\u00f3n.<\/p>\n<p>Se trabaj\u00f3 con Cofepris y la industria en la implementaci\u00f3n de la nueva legislaci\u00f3n que proh\u00edbe la venta de productos con alto contenido de grasas trans y se dar\u00e1 tiempo suficiente para agotar inventarios de producto nacional e importado (posiblemente 6-9 meses posterior a su entrada en vigor).<\/p>\n<p>Se continuo con los trabajos con COFEPRIS para contar con recetas electr\u00f3nicas para el suministro de medicamentos.<\/p>\n<p>Se atendieron diversas reuniones del Comit\u00e9 de Operaci\u00f3n Aduanera de la SHCP, para promover la mejora regulatoria en las actividades de comercio exterior y del Consejo Asesor del Servicio de Administraci\u00f3n Tributaria.<\/p>\n<p>Participaci\u00f3n en el Consejo Asesor del Servicio de Administraci\u00f3n Tributar\u00eda, para determinar el destino de bienes decomisados.<\/p>\n<p>Se trabajo en la simplificaci\u00f3n de cuantas aduaneras, permisos previos, acreditaci\u00f3n de la importaci\u00f3n en el traslado de mercanc\u00edas entre otros.<\/p>\n<p>Se atendieron diversas reuniones con la Secretar\u00eda de Seguridad P\u00fablica y Protecci\u00f3n Ciudadana, para dar seguimiento a la agenda de trabajo en conjunto con el Consejo Coordinador Empresarial sobre ciberseguridad.<\/p>\n<p>El Comit\u00e9 concert\u00f3 diversas reuniones con la SHCP y el SAT, para dar seguimiento a los temas sobre CFDI versi\u00f3n 4.0, Carta Porte, devoluciones de IVA y CFDI de factura global diaria.<\/p>\n<p>Se dio seguimiento con el SAT a la compensaci\u00f3n de IVA, declaraciones anuales y pagos provisionales.<\/p>\n<p>Se atendieron reuniones con la Secretar\u00eda de Seguridad y Protecci\u00f3n Ciudadana para establecer acciones para reducir riesgos de inseguridad en tiendas, extorsiones, saqueos y robo en carreteras.<\/p>\n<p>Se atendieron diversas reuniones con la Secretar\u00eda de Seguridad de la CDMX y EDOMEX para establecer estrategias de colaboraci\u00f3n para reducir las incidencias delictivas.<\/p>\n<p>Participaci\u00f3n en diversas reuniones de los Comit\u00e9s de Abasto para Situaciones de Emergencia en distintos estados de la rep\u00fablica.<\/p>\n<p>Se continuo con la operaci\u00f3n y coordinaci\u00f3n de los 45 grupos regionales de seguridad con la participaci\u00f3n de autoridades estatales y municipales.<\/p>\n<p>Se realiz\u00f3 el Simposio de Seguridad 2024.<\/p>\n<p>Se realiz\u00f3 el Censo de Mermas 2023 que fue de 0.94% del valor de las ventas anuales.<\/p>\n<p>Se atendieron reuniones con la Secretar\u00eda de Seguridad, Guardia Nacional para establecer acciones para reducir riesgos de inseguridad en carreteras.<\/p>\n<p>Se trabajos en el desarrollo de la carta porte y se logr\u00f3 ampliar su entrada en vigor.<\/p>\n<p>Con la Secretar\u00eda de Econom\u00eda se logr\u00f3 iniciar la revisi\u00f3n del proyecto de NOM de Comercio Electr\u00f3nico, para que en las ventas en l\u00ednea se cumplan con las normas oficiales mexicanas.<\/p>\n<p>Con la SHCP, SAT y Aduanas se logr\u00f3 que incluyeran en reglas de comercio exterior y miscel\u00e1nea fiscal, el reconocimiento expreso del abuso que existe en importaciones de Asia a trav\u00e9s de empresas de mensajer\u00eda. Asimismo, la obligaci\u00f3n de las empresas de mensajer\u00eda de reportar el RFC de quien recibir\u00e1 la importaci\u00f3n, incluir la descripci\u00f3n de productos a importar y los portales a retener el IVA.<\/p>\n<p>En conjunto con CCE, FUNSALUD, CANIFARMA, GS1, AMIS, ANADIM, HL7 y el Consorcio Mexicano de Hospitales, desarrollamos la Coalici\u00f3n por la Salud Digital de M\u00e9xico (CoSaDiM), el objetivo es impulsar la transformaci\u00f3n y fortalecimiento del sistema sanitario mexicano a trav\u00e9s de la digitalizaci\u00f3n.<\/p>\n<p>Se busca adoptar est\u00e1ndares internacionales, buenas pr\u00e1cticas y pol\u00edticas p\u00fablicas para reducir la brecha de acceso a la salud.<\/p>\n<p>CoSaDiM impulsa las alianzas p\u00fablico-privadas y se basa en 7 ejes rectores: Salud Digital, Interoperabilidad, Estandarizaci\u00f3n, Conectividad, Trazabilidad, Tecnolog\u00eda y Normatividad, con el objetivo de analizar problem\u00e1ticas del sector y proponer sus posibles soluciones desde cada perspectiva.<\/p>\n<p>Se desarroll\u00f3 una estrategia de cabildeo efectiva con el nuevo gobierno que contar\u00e1 con mayor\u00eda en el congreso se deber\u00e1n considerar sus valores, objetivos, favoreciendo una relaci\u00f3n de colaboraci\u00f3n y beneficio mutuo.<\/p>\n<p>Asistencia durante el a\u00f1o a las reuniones mensuales del Consejo Nacional del Consejo Coordinador Empresarial y las Comisiones de Seguridad, Fiscal, Salud, Laboral, Enlace Legislativo, Estado de Derecho, Gobierno Corporativo, Pymes e Integridad y \u00c9tica.[\/vc_column_text][\/vc_column][\/vc_row]<\/p>\n<\/div>","protected":false},"excerpt":{"rendered":"<p>[vc_row][vc_column][vc_column_text]Se present\u00f3 agenda de ANTAD a los precandidatos a la presidencia de la rep\u00fablica y al gobierno entrante legal y ampliado. Secretar\u00eda de Hacienda, Secretar\u00eda de Econom\u00eda, Secretar\u00eda del Trabajo, Secretar\u00eda de Seguridad, Secretar\u00eda de Agricultura, Senasica, Profeco, Asociaci\u00f3n de &hellip; <a href=\"https:\/\/informe.antad.net\/2024\/comite-relaciones-gubernamentales\/\"><\/a><\/p>\n","protected":false},"author":1,"featured_media":0,"parent":0,"menu_order":0,"comment_status":"closed","ping_status":"closed","template":"","meta":{"footnotes":""},"class_list":["post-955","page","type-page","status-publish","hentry"],"_links":{"self":[{"href":"https:\/\/informe.antad.net\/2024\/wp-json\/wp\/v2\/pages\/955","targetHints":{"allow":["GET"]}}],"collection":[{"href":"https:\/\/informe.antad.net\/2024\/wp-json\/wp\/v2\/pages"}],"about":[{"href":"https:\/\/informe.antad.net\/2024\/wp-json\/wp\/v2\/types\/page"}],"author":[{"embeddable":true,"href":"https:\/\/informe.antad.net\/2024\/wp-json\/wp\/v2\/users\/1"}],"replies":[{"embeddable":true,"href":"https:\/\/informe.antad.net\/2024\/wp-json\/wp\/v2\/comments?post=955"}],"version-history":[{"count":28,"href":"https:\/\/informe.antad.net\/2024\/wp-json\/wp\/v2\/pages\/955\/revisions"}],"predecessor-version":[{"id":2952,"href":"https:\/\/informe.antad.net\/2024\/wp-json\/wp\/v2\/pages\/955\/revisions\/2952"}],"wp:attachment":[{"href":"https:\/\/informe.antad.net\/2024\/wp-json\/wp\/v2\/media?parent=955"}],"curies":[{"name":"wp","href":"https:\/\/api.w.org\/{rel}","templated":true}]}}