
{"id":980,"date":"2023-03-04T21:21:47","date_gmt":"2023-03-05T03:21:47","guid":{"rendered":"https:\/\/informe.antad.net\/2024\/?page_id=980"},"modified":"2024-03-11T23:08:34","modified_gmt":"2024-03-12T05:08:34","slug":"estudios-economicos","status":"publish","type":"page","link":"https:\/\/informe.antad.net\/2024\/estudios-economicos\/","title":{"rendered":"Estudios Econ\u00f3micos"},"content":{"rendered":"<h3>Estudios<\/h3>\n<p><strong>Estudio de Ventas.<\/strong><br \/>\nActualmente est\u00e1 integrado por 28 l\u00edneas de mercanc\u00eda, 7 Zonas Geogr\u00e1ficas, reporte por formato, es decir, por Tipo de Tienda y Total ANTAD. Los resultados del estudio se publican en cifras Reales y Nominales. En el a\u00f1o se elaboran 12 reportes.<\/p>\n<p>La participaci\u00f3n comparada con el a\u00f1o anterior se logr\u00f3 incrementar, a\u00fan con los ajustes por la salida de algunas Cadenas de la Asociaci\u00f3n, manteniendo una representatividad promedio del 84.1% de los metros cuadrados del total del piso de venta de ANTAD, gracias a la activa participaci\u00f3n de los contactos asignados por el Comit\u00e9.<\/p>\n<p><strong>Benchmarking Financiero:<\/strong><br \/>\nEste estudio se reporta semestralmente e integra rubros del Estado de Resultados tales como, Margen de Utilidad, Gastos de Operaci\u00f3n, EBITDA, D\u00edas Inventario, Venta por Ticket y Venta por Empleado.<\/p>\n<p>Se elaboran 3 estudios por semestre: Autoservicio, Departamental y Autoservicio-Especializada. La participaci\u00f3n promedio es del 83.0% de los metros cuadrados de piso de venta de los Asociados a la ANTAD.<\/p>\n<p><strong>Ventas eCommerce. &#8211;<\/strong> El Estudio actualmente integra 28 l\u00edneas de mercanc\u00eda, reporte por formato, es decir, por Tipo de Tienda y Total ANTAD. Los resultados del estudio se publican en cifras Reales y Nominales.<\/p>\n<p>Este a\u00f1o empez\u00f3 a realizarse dicho estudio y se reporta de forma mensual, actualmente llevamos 9 estudios. Hemos logrado tener una participaci\u00f3n del 75.2% del piso de venta de ANTAD.<\/p>\n<p><strong>Rotaci\u00f3n de Personal Mensual:<\/strong><br \/>\nElaboraci\u00f3n de estudios por formato:<\/p>\n<ul>\n<li>Autoservicio &#8211; 12 estudios<\/li>\n<li>Departamental &#8211; 12 estudios<\/li>\n<li>Farmacia \u2013 12 estudios<\/li>\n<\/ul>\n<p><strong>Rotaci\u00f3n de Personal Trimestral:<\/strong><br \/>\nDesarrollo de matrices para los nuevos estudios que consideran diferentes variables como rotaci\u00f3n por tipo de puesto, causas de baja, antig\u00fcedad de las bajas entre otras.<\/p>\n<p><strong>Estudio de ventas del Buen Fin.<\/strong><br \/>\nMedici\u00f3n de las ventas realizadas por parte de las Cadenas de ANTAD que participan en el programa promocional llamado el Buen Fin.<\/p>\n<p><strong>Indicador de Confianza Socios ANTAD. \u2013<\/strong> Este indicador es resultado de una encuesta mensual que busca reflejar con oportunidad y precisi\u00f3n la expectativa que tienen los Socios de la ANTAD respecto al entorno econ\u00f3mico, est\u00e1 compuesta por 5 preguntas y su integraci\u00f3n da lugar al indicador, dicha encuesta est\u00e1 dirigida a los titulares de las Cadenas e integrantes del Comit\u00e9 de An\u00e1lisis y Estudios Financieros de ANTAD, la participaci\u00f3n de 2023 es del 78% del piso total de venta.<\/p>\n<p><strong>INDICANTAD<\/strong><br \/>\nCompendio de variables econ\u00f3micas y de indicadores ANTAD. Comprende desde su estructura asociativa hasta estudios e investigaciones diversas incluyendo Programas de Responsabilidad Social.<\/p>\n<p>Actualizaci\u00f3n puntual de los indicadores econ\u00f3micos de M\u00e9xico para la elaboraci\u00f3n del reporte mensual (INDICANTAD). Versiones por considerar:<\/p>\n<ul>\n<li style=\"list-style-type: none;\">\n<ul>\n<li>F\u00edsica (Publicaci\u00f3n interna).<\/li>\n<li>Electr\u00f3nica (Tres Versiones).\n<ul>\n<li>Presidencia ANTAD<\/li>\n<li>Contactos especiales<\/li>\n<li>P\u00e1gina web<\/li>\n<\/ul>\n<\/li>\n<\/ul>\n<\/li>\n<\/ul>\n<p>Generaci\u00f3n y mantenimiento de la base de datos de los indicadores que dan soporte para el INDICANTAD: Ventas Total ANTAD, PIB, Inflaci\u00f3n, Tipo de Cambio, Ingresos por Remesas, \u00cdndice de Confianza del Consumidor, Indicador Global de la Actividad Econ\u00f3mica (IGAE), Ocupaci\u00f3n y Empleo.<\/p>\n<p><strong>Problemas Macroecon\u00f3micos de Coyuntura<\/strong><br \/>\nInvestigaciones y estudios de problemas macroecon\u00f3micos de inter\u00e9s para la ANTAD. Notas de coyuntura que abordan factores que en su momento est\u00e1n teniendo un impacto relevante en la econom\u00eda.<\/p>\n<p><strong>An\u00e1lisis de la Inflaci\u00f3n en M\u00e9xico<\/strong><br \/>\nRevisi\u00f3n y actualizaci\u00f3n del modelo para estimar la trayectoria de los 299 gen\u00e9ricos que integran el \u00cdndice Nacional de Precios al Consumidor (INPC). As\u00ed como el seguimiento y an\u00e1lisis gr\u00e1fico de la Inflaci\u00f3n Mensual para presentar en la junta de Consejo de ANTAD y las diversas reuniones de Trabajo.<\/p>\n<p><strong>Modelo para pron\u00f3stico del Producto Interno Bruto (PIB)<\/strong><br \/>\nElaboraci\u00f3n, revisi\u00f3n y actualizaci\u00f3n del modelo para estimar la trayectoria las distintas categor\u00edas que componen los sectores primario, secundario y terciario. Para este prop\u00f3sito se emplean tendencias, estacionalidades, encuestas y otros indicadores que coadyuven a explicar su evoluci\u00f3n.<\/p>\n<p><strong>Reuniones de Trabajo<\/strong><\/p>\n<ul>\n<li>ANTAD tambi\u00e9n es miembro permanente del Comit\u00e9 Indicador IMEF, desde agosto del 2013 se tiene presencia en este Comit\u00e9, el cual sesiona una vez al mes.<\/li>\n<li>El Indicador IMEF del Entorno Empresarial Mexicano, es un \u00edndice de difusi\u00f3n que cuantifica el entorno econ\u00f3mico con base en una encuesta de cinco preguntas cualitativas.<\/li>\n<li>Participaci\u00f3n mensual activa en el Consejo Asesor T\u00e9cnico (CAT) del Centro de Estudios Econ\u00f3micos del Sector Privado (CEESP).<\/li>\n<li>ANTAD a trav\u00e9s de la Direcci\u00f3n de Estudios Econ\u00f3micos tiene presencia permanente en el Comit\u00e9 T\u00e9cnico Especializado de Precios del INEGI, el Comit\u00e9 sesiona mensualmente.<\/li>\n<li>Reuniones virtuales y seguimiento con diferentes Asociados para aclaraci\u00f3n de dudas relacionadas al Estudio de Ventas, Ecommerce y Benchmarking de ANTAD.<\/li>\n<li>Participaci\u00f3n en las Sesiones Ordinarias del Consejo Directivo de la Asociaci\u00f3n Nacional de Establecimientos TIF (ANETIF)<\/li>\n<li>Se ha brindado atenci\u00f3n respecto al panorama econ\u00f3mico de M\u00e9xico, posicionando a ANTAD con una postura propia a:\n<ul>\n<li>Asociaci\u00f3n Nacional de Fabricantes de Aparatos Dom\u00e9sticos (ANFAD)<\/li>\n<li>Asociaci\u00f3n Mexicana de Industriales de Galletas y Pastas (AMEXIGAPA).<\/li>\n<\/ul>\n<\/li>\n<li>Coordinaci\u00f3n para publicaci\u00f3n de informaci\u00f3n en la p\u00e1gina web de ANTAD\n<ul>\n<li>Comunicados de Prensa<\/li>\n<li>Crecimientos en las Ventas de ANTAD<\/li>\n<li>INDICANTAD electr\u00f3nico<\/li>\n<\/ul>\n<\/li>\n<\/ul>\n<p><strong>Seguimiento a los Boletines de variables econ\u00f3micas emitidos por:<\/strong><\/p>\n<p>a) Instituto Nacional de Estad\u00edstica y Geograf\u00eda (INEGI)<\/p>\n<ul>\n<li>Actualizaci\u00f3n semanal de los dep\u00f3sitos del gobierno federal.<\/li>\n<li>Actualizaci\u00f3n constante de la Base Monetaria y su comparativo de crecimiento con otros a\u00f1os.<\/li>\n<li>An\u00e1lisis sobre la confianza empresarial: Construcci\u00f3n, Comercio y la Industria vs la Confianza del Consumidor.<\/li>\n<\/ul>\n<p>b) Banco de M\u00e9xico (BANXICO)<br \/>\nc) Secretar\u00eda del Trabajo y Previsi\u00f3n Social (STPS)<br \/>\ne) Secretar\u00eda de Econom\u00eda (SE)<\/p>\n<p><strong>Otras Actividades<\/strong><\/p>\n<ul>\n<li>Coordinaci\u00f3n del Programa de Conferencias de Key Logistics Solutions 2023 dentro Expo ANTAD &amp; Alimentaria M\u00e9xico 2023.<\/li>\n<li>Elaboraci\u00f3n de Indicadores ANTAD, econ\u00f3micos y de inter\u00e9s para la presentaci\u00f3n mensual de la junta de Consejo de la Asociaci\u00f3n.<\/li>\n<li>QlikView: Continuidad a los desarrollos y mejoras de la herramienta para el c\u00e1lculo y elaboraci\u00f3n del Estudio de Ventas y el estudio de eCommerce.<\/li>\n<li>Revisi\u00f3n puntual de los gen\u00e9ricos con mayor cambio en la inflaci\u00f3n para elaboraci\u00f3n de cuadros de incidencia anual.<\/li>\n<li>An\u00e1lisis y desarrollo de Factores que Ayudan a Explicar el Desempe\u00f1o de las Ventas ANTAD: Expectativas; Efecto aritm\u00e9tico: 2022 y 2023; Base Monetaria;<\/li>\n<li>Cuenta General de la Tesorer\u00eda; Remesas; Cr\u00e9dito al consumo y Tipo de Cambio.<\/li>\n<li>Seguimiento del Sem\u00e1foro Macroecon\u00f3mico: principales variables econ\u00f3micas.<\/li>\n<li>Emisi\u00f3n y distribuci\u00f3n del Comunicado de Ventas para Analistas externos a la ANTAD bajo el esquema de Membres\u00eda. En 2023 se consider\u00f3 membres\u00eda para 33 analistas de 11 consultor\u00edas, lo que significa para la ANTAD un ingreso superior al medio mill\u00f3n de pesos.<\/li>\n<li>Convenio de colaboraci\u00f3n de trabajo entre ANTAD y el INEGI. Seguimiento al convenio de trabajo e intercambio de informaci\u00f3n sobre temas de precios.<\/li>\n<li>Colaboraci\u00f3n de trabajo entre ANTAD y BANXICO. Seguimiento al convenio de trabajo e intercambio de informaci\u00f3n entre ANTAD &#8211; BANXICO.<\/li>\n<li>Seguimiento a la renovaci\u00f3n del Convenio de Socio Estrat\u00e9gico entre ANTAD y Bimbo.<\/li>\n<\/ul>\n<p><strong>Protecci\u00f3n Civil ANTAD<\/strong><\/p>\n<ul>\n<li>La Gerencia de Estudios Econ\u00f3micos de la ANTAD al ser Coordinador del Comit\u00e9 de Protecci\u00f3n Civil de ANTAD, se encarga de dar seguimiento al programa interno de PC adem\u00e1s de la coordinaci\u00f3n, capacitaci\u00f3n y equipamiento de la Brigada de ANTAD, as\u00ed como fomentar en el personal una cultura de prevenci\u00f3n y de qu\u00e9 c\u00f3mo reaccionar en caso de una emergencia.<\/li>\n<\/ul>\n","protected":false},"excerpt":{"rendered":"<p>Estudios Estudio de Ventas. Actualmente est\u00e1 integrado por 28 l\u00edneas de mercanc\u00eda, 7 Zonas Geogr\u00e1ficas, reporte por formato, es decir, por Tipo de Tienda y Total ANTAD. Los resultados del estudio se publican en cifras Reales y Nominales. En el &hellip; <a href=\"https:\/\/informe.antad.net\/2024\/estudios-economicos\/\"><\/a><\/p>\n","protected":false},"author":1,"featured_media":0,"parent":0,"menu_order":0,"comment_status":"closed","ping_status":"closed","template":"","meta":{"footnotes":""},"class_list":["post-980","page","type-page","status-publish","hentry"],"_links":{"self":[{"href":"https:\/\/informe.antad.net\/2024\/wp-json\/wp\/v2\/pages\/980","targetHints":{"allow":["GET"]}}],"collection":[{"href":"https:\/\/informe.antad.net\/2024\/wp-json\/wp\/v2\/pages"}],"about":[{"href":"https:\/\/informe.antad.net\/2024\/wp-json\/wp\/v2\/types\/page"}],"author":[{"embeddable":true,"href":"https:\/\/informe.antad.net\/2024\/wp-json\/wp\/v2\/users\/1"}],"replies":[{"embeddable":true,"href":"https:\/\/informe.antad.net\/2024\/wp-json\/wp\/v2\/comments?post=980"}],"version-history":[{"count":41,"href":"https:\/\/informe.antad.net\/2024\/wp-json\/wp\/v2\/pages\/980\/revisions"}],"predecessor-version":[{"id":2922,"href":"https:\/\/informe.antad.net\/2024\/wp-json\/wp\/v2\/pages\/980\/revisions\/2922"}],"wp:attachment":[{"href":"https:\/\/informe.antad.net\/2024\/wp-json\/wp\/v2\/media?parent=980"}],"curies":[{"name":"wp","href":"https:\/\/api.w.org\/{rel}","templated":true}]}}