
{"id":105,"date":"2023-03-01T22:26:21","date_gmt":"2023-03-02T04:26:21","guid":{"rendered":"https:\/\/informe.antad.net\/2025\/the-resort\/"},"modified":"2026-03-25T22:56:54","modified_gmt":"2026-03-26T04:56:54","slug":"mensaje-del-presidente","status":"publish","type":"page","link":"https:\/\/informe.antad.net\/2025\/mensaje-del-presidente\/","title":{"rendered":"Mensaje del Presidente"},"content":{"rendered":"<div class=\"wpb-content-wrapper\"><p>[vc_row][vc_column width=&#8221;1\/2&#8243;][vc_single_image image=&#8221;3000&#8243; img_size=&#8221;full&#8221; alignment=&#8221;center&#8221;][\/vc_column][vc_column width=&#8221;1\/2&#8243;][vc_column_text]<span data-contrast=\"auto\">Estimados asociados,\u00a0<\/span><span data-ccp-props=\"{&quot;201341983&quot;:0,&quot;335559740&quot;:360}\">\u00a0<\/span><\/p>\n<p><span data-contrast=\"auto\">En este 2025\u00a0antad\u00a0cumpli\u00f3 42\u00a0a\u00f1os desde su creaci\u00f3n y seguimos fieles a nuestro compromiso del crecimiento econ\u00f3mico de\u00a0m\u00e9xico\u00a0a\u00a0trav\u00e9s del desarrollo del comercio organizado y la generaci\u00f3n de empleos formales. Hoy en d\u00eda, la asociaci\u00f3n representa a m\u00e1s de 80\u00a0organizaciones empresariales que cuentan con 125 marcas de cadenas comerciales a nivel nacional y m\u00e1s de 55 mil tiendas en el 90% de los municipios del pa\u00eds.<\/span><span data-ccp-props=\"{&quot;201341983&quot;:0,&quot;335551550&quot;:6,&quot;335551620&quot;:6,&quot;335559740&quot;:360}\">\u00a0<\/span><\/p>\n<p><span data-contrast=\"auto\">Hoy, los asociados de\u00a0antad\u00a0generan m\u00e1s de 920 mil empleos formales, de los cuales el 53% los ocupan mujeres. Un estudio del 2025 confirma que las cadenas\u00a0antad\u00a0detonan crecimiento econ\u00f3mico, empleo formal directo e indirecto, adem\u00e1s de bienestar econ\u00f3mico en cada ciudad en la que tienen operaciones.\u00a0<\/span>[\/vc_column_text][\/vc_column][\/vc_row][vc_row][vc_column][vc_column_text]<span data-contrast=\"auto\">En cumplimiento a lo establecido en los estatutos de la asociaci\u00f3n, les fue enviado por correo electr\u00f3nico el informe anual 2025 con las actividades y resultados alcanzados por todas las \u00e1reas y los comit\u00e9s de trabajo de la\u00a0antad.<\/span><span data-ccp-props=\"{&quot;201341983&quot;:0,&quot;335551550&quot;:6,&quot;335551620&quot;:6,&quot;335559740&quot;:360}\">\u00a0<\/span><span data-ccp-props=\"{&quot;201341983&quot;:0,&quot;335551550&quot;:6,&quot;335551620&quot;:6,&quot;335559740&quot;:360}\">\u00a0<\/span><\/p>\n<p><span data-contrast=\"auto\">En la asamblea de noviembre del 2024 se present\u00f3 el plan de acci\u00f3n de\u00a0antad\u00a0para el 2024-2027 con sus correspondientes objetivos y prioridades estrat\u00e9gicas. El consejo aprob\u00f3 para 2025, 15 iniciativas estrat\u00e9gicas enfocadas en 4 temas principales:<\/span><span data-ccp-props=\"{&quot;201341983&quot;:0,&quot;335551550&quot;:6,&quot;335551620&quot;:6,&quot;335559740&quot;:360}\">\u00a0<\/span><\/p>\n<ol>\n<li><span data-contrast=\"auto\">Reconfigurar relaciones con el nuevo gobierno<\/span><span data-ccp-props=\"{&quot;201341983&quot;:0,&quot;335551550&quot;:6,&quot;335551620&quot;:6,&quot;335559740&quot;:360}\">\u00a0<\/span><\/li>\n<li><span data-contrast=\"auto\">Revitalizar los recursos y el equipo antad<\/span><span data-ccp-props=\"{&quot;201341983&quot;:0,&quot;335551550&quot;:6,&quot;335551620&quot;:6,&quot;335559740&quot;:360}\">\u00a0<\/span><\/li>\n<li><span data-contrast=\"auto\">Reposicionar antad ante asociados, aliados estrat\u00e9gicos y medios <\/span><span data-ccp-props=\"{&quot;201341983&quot;:0,&quot;335551550&quot;:6,&quot;335551620&quot;:6,&quot;335559740&quot;:360}\">\u00a0<\/span><\/li>\n<li><span data-contrast=\"auto\">Fortalecer nuestro conocimiento econ\u00f3mico y de mercado<\/span><span data-ccp-props=\"{&quot;201341983&quot;:0,&quot;335551550&quot;:6,&quot;335551620&quot;:6,&quot;335559740&quot;:360}\">\u00a0<\/span><\/li>\n<\/ol>\n<p><span data-contrast=\"auto\">Se desarroll\u00f3 un tablero de avance y desempe\u00f1o para las 15 iniciativas prioritarias del 2025 y se comparten sus avances en todas las juntas mensuales de consejo.\u00a0<\/span><span data-ccp-props=\"{&quot;201341983&quot;:0,&quot;335551550&quot;:6,&quot;335551620&quot;:6,&quot;335559740&quot;:360}\">\u00a0<\/span><span data-ccp-props=\"{&quot;201341983&quot;:0,&quot;335551550&quot;:6,&quot;335551620&quot;:6,&quot;335559740&quot;:360}\">\u00a0<\/span><\/p>\n<p><span data-contrast=\"auto\">El primer a\u00f1o de la administraci\u00f3n de la presidenta claudia\u00a0sheinbaum\u00a0ha representado una etapa de acercamiento, definici\u00f3n de prioridades y establecimiento de nuevos mecanismos de interlocuci\u00f3n con las autoridades a todos los niveles.<\/span><span data-ccp-props=\"{&quot;201341983&quot;:0,&quot;335551550&quot;:6,&quot;335551620&quot;:6,&quot;335559740&quot;:360}\">\u00a0<\/span><\/p>\n<p><span data-contrast=\"auto\">Entre los avances relevantes del a\u00f1o, es de destacarse la construcci\u00f3n y consolidaci\u00f3n\u00a0de\u00a0un di\u00e1logo formal y constante con las secretar\u00edas de econom\u00eda, de hacienda, de seguridad, de agricultura, de trabajo, de medio ambiente y de la defensa; al igual que con el\u00a0sat,\u00a0profeco,\u00a0cofepris,\u00a0aduanas, guardia nacional, c5, gobierno de la\u00a0cdmx; subsecretarias y direcciones relevantes para el trabajo y la comunicaci\u00f3n d\u00eda a d\u00eda entre\u00a0antad\u00a0y las autoridades gubernamentales. De igual manera se fortaleci\u00f3 la comunicaci\u00f3n y el contacto con legisladores clave del congreso federal y de algunos congresos estatales relevantes para\u00a0antad.\u00a0<\/span><span data-ccp-props=\"{&quot;201341983&quot;:0,&quot;335551550&quot;:6,&quot;335551620&quot;:6,&quot;335559740&quot;:360}\">\u00a0<\/span><\/p>\n<p><span data-contrast=\"auto\">De cara a 2026, consideramos que\u00a0antad\u00a0tiene el potencial y la responsabilidad de consolidarse como un socio estrat\u00e9gico para impulsar el crecimiento de la econom\u00eda formal y respaldar el plan\u00a0m\u00e9xico\u00a0impulsado por el gobierno federal. Nuestra meta es definir una estrategia para los pr\u00f3ximos 24 meses basada en anticipaci\u00f3n, datos e informaci\u00f3n y colaboraci\u00f3n proactiva con el estado, protegiendo siempre el rol econ\u00f3mico y social que los asociados de\u00a0antad\u00a0representan para\u00a0m\u00e9xico.\u00a0<\/span><span data-ccp-props=\"{&quot;201341983&quot;:0,&quot;335551550&quot;:6,&quot;335551620&quot;:6,&quot;335559740&quot;:360}\">\u00a0<\/span><\/p>\n<p><span data-contrast=\"auto\">Al igual que en 2024, los estados financieros de 2025 siguen reportando salud financiera.\u00a0Esto posiciona 2025 para que cierre no s\u00f3lo con un r\u00e9cord de ingresos sino con un r\u00e9cord hist\u00f3rico de solidez financiera y nivel de gastos.\u00a0<\/span><span data-ccp-props=\"{&quot;201341983&quot;:0,&quot;335551550&quot;:6,&quot;335551620&quot;:6,&quot;335559740&quot;:360}\">\u00a0<\/span><\/p>\n<p><span data-contrast=\"auto\">La expo\u00a0antad\u00a02025 rompi\u00f3 r\u00e9cords hist\u00f3ricos de ingresos y de asistencia. Adem\u00e1s de que la preventa de la expo\u00a0antad\u00a02026 ya indica que vamos a rebasar de nueva cuenta los ingresos y asistencia de la expo de este a\u00f1o.\u00a0\u00a0<\/span><span data-ccp-props=\"{&quot;201341983&quot;:0,&quot;335551550&quot;:6,&quot;335551620&quot;:6,&quot;335559740&quot;:360}\">\u00a0<\/span><\/p>\n<p><span data-contrast=\"auto\">A nivel interno, se establecieron los manuales de pol\u00edticas, procedimientos y comportamiento para todo el personal\u00a0antad. Se llevaron a cabo auditor\u00edas por parte del equipo de auditor\u00eda externa con hallazgos y recomendaciones relevantes que ya se est\u00e1n implementando en la asociaci\u00f3n.\u00a0<\/span><span data-ccp-props=\"{&quot;201341983&quot;:0,&quot;335551550&quot;:6,&quot;335551620&quot;:6,&quot;335559740&quot;:360}\">\u00a0<\/span><\/p>\n<p><span data-contrast=\"auto\">En 2025 empezamos un camino de\u00a0antad\u00a0consolidando su relevancia\u00a0e\u00a0incrementando\u00a0su interlocuci\u00f3n\u00a0con el estado al igual que con otros organismos no gubernamentales, universidades, consultoras y empresas de investigaci\u00f3n y an\u00e1lisis de mercados.\u00a0<\/span><span data-ccp-props=\"{&quot;201341983&quot;:0,&quot;335551550&quot;:6,&quot;335551620&quot;:6,&quot;335559740&quot;:360}\">\u00a0<\/span><\/p>\n<p><span data-contrast=\"auto\">Nuestro compromiso para 2026 es continuar fortaleciendo la representatividad y relevancia de nuestros asociados ante el gobierno, el congreso, la sociedad, los organismos no gubernamentales e instituciones acad\u00e9micas,\u00a0promoviendo la innovaci\u00f3n, la competitividad y la sostenibilidad del sector.<\/span><span data-ccp-props=\"{&quot;201341983&quot;:0,&quot;335551550&quot;:6,&quot;335551620&quot;:6,&quot;335559740&quot;:360}\">\u00a0<\/span><\/p>\n<p><span data-contrast=\"auto\">Buscaremos generar valor a trav\u00e9s de alianzas estrat\u00e9gicas y contribuir al desarrollo econ\u00f3mico y social de\u00a0m\u00e9xico, siempre guiados por la misi\u00f3n, el deber ser y los valores que definen a\u00a0la\u00a0antad.<\/span><span data-ccp-props=\"{&quot;201341983&quot;:0,&quot;335551550&quot;:6,&quot;335551620&quot;:6,&quot;335559740&quot;:360}\">\u00a0<\/span><\/p>\n<p><span data-contrast=\"auto\">Muchas gracias<\/span>[\/vc_column_text][\/vc_column][\/vc_row]<\/p>\n<\/div>","protected":false},"excerpt":{"rendered":"<p>[vc_row][vc_column width=&#8221;1\/2&#8243;][vc_single_image image=&#8221;3000&#8243; img_size=&#8221;full&#8221; alignment=&#8221;center&#8221;][\/vc_column][vc_column width=&#8221;1\/2&#8243;][vc_column_text]Estimados asociados,\u00a0\u00a0 En este 2025\u00a0antad\u00a0cumpli\u00f3 42\u00a0a\u00f1os desde su creaci\u00f3n y seguimos fieles a nuestro compromiso del crecimiento econ\u00f3mico de\u00a0m\u00e9xico\u00a0a\u00a0trav\u00e9s del desarrollo del comercio organizado y la generaci\u00f3n de empleos formales. Hoy en d\u00eda, la asociaci\u00f3n &hellip; <a href=\"https:\/\/informe.antad.net\/2025\/mensaje-del-presidente\/\"><\/a><\/p>\n","protected":false},"author":1,"featured_media":0,"parent":0,"menu_order":0,"comment_status":"closed","ping_status":"closed","template":"","meta":{"footnotes":""},"class_list":["post-105","page","type-page","status-publish","hentry"],"_links":{"self":[{"href":"https:\/\/informe.antad.net\/2025\/wp-json\/wp\/v2\/pages\/105","targetHints":{"allow":["GET"]}}],"collection":[{"href":"https:\/\/informe.antad.net\/2025\/wp-json\/wp\/v2\/pages"}],"about":[{"href":"https:\/\/informe.antad.net\/2025\/wp-json\/wp\/v2\/types\/page"}],"author":[{"embeddable":true,"href":"https:\/\/informe.antad.net\/2025\/wp-json\/wp\/v2\/users\/1"}],"replies":[{"embeddable":true,"href":"https:\/\/informe.antad.net\/2025\/wp-json\/wp\/v2\/comments?post=105"}],"version-history":[{"count":191,"href":"https:\/\/informe.antad.net\/2025\/wp-json\/wp\/v2\/pages\/105\/revisions"}],"predecessor-version":[{"id":3034,"href":"https:\/\/informe.antad.net\/2025\/wp-json\/wp\/v2\/pages\/105\/revisions\/3034"}],"wp:attachment":[{"href":"https:\/\/informe.antad.net\/2025\/wp-json\/wp\/v2\/media?parent=105"}],"curies":[{"name":"wp","href":"https:\/\/api.w.org\/{rel}","templated":true}]}}