
{"id":3023,"date":"2026-03-25T22:43:31","date_gmt":"2026-03-26T04:43:31","guid":{"rendered":"https:\/\/informe.antad.net\/2025\/?page_id=3023"},"modified":"2026-03-25T22:44:52","modified_gmt":"2026-03-26T04:44:52","slug":"igualdad-de-genero","status":"publish","type":"page","link":"https:\/\/informe.antad.net\/2025\/igualdad-de-genero\/","title":{"rendered":"Igualdad de G\u00e9nero"},"content":{"rendered":"<h2><b><span data-contrast=\"none\">COMIT\u00c9 DE IGUALDAD DE G\u00c9NERO<\/span><\/b><span data-ccp-props=\"{&quot;201341983&quot;:2,&quot;335557856&quot;:16777215,&quot;335559739&quot;:0,&quot;335559740&quot;:420}\">\u00a0<\/span><\/h2>\n<p><span data-contrast=\"none\">Se inaugur\u00f3 el Comit\u00e9 de Igualdad de G\u00e9nero de ANTAD, un espacio orientado a fortalecer el compromiso del sector comercio con la igualdad sustantiva y la creaci\u00f3n de entornos laborales incluyentes.<\/span><span data-ccp-props=\"{&quot;201341983&quot;:2,&quot;335557856&quot;:16777215,&quot;335559739&quot;:225,&quot;335559740&quot;:420}\">\u00a0<\/span><\/p>\n<p><span data-contrast=\"none\">La sesi\u00f3n cont\u00f3 con la conferencia magistral \u201cM\u00e1s all\u00e1 del techo de cristal: el potencial econ\u00f3mico de las mujeres\u201d, impartida por la Dra.\u00a0Amrita\u00a0Bahri,\u00a0Associate\u00a0Professor\u00a0of\u00a0Law\u00a0en el ITAM y\u00a0Chair\u00a0for\u00a0Mexico\u00a0del WTO\u00a0Chair\u00a0Program.<\/span><span data-ccp-props=\"{&quot;201341983&quot;:2,&quot;335557856&quot;:16777215,&quot;335559739&quot;:225,&quot;335559740&quot;:420}\">\u00a0<\/span><\/p>\n<p><span data-contrast=\"none\">Se asisti\u00f3 al Summit\u00a0of\u00a0Women\u00a0Leaders\u00a0CDMX 2025, organizado por el CCE, donde se compartieron experiencias y perspectivas de mujeres l\u00edderes en el sector comercio, destacando los retos y oportunidades para fortalecer su participaci\u00f3n en la vida econ\u00f3mica y empresarial del pa\u00eds.<\/span><span data-ccp-props=\"{&quot;201341983&quot;:2,&quot;335557856&quot;:16777215,&quot;335559739&quot;:225,&quot;335559740&quot;:420}\">\u00a0<\/span><\/p>\n<p><span data-contrast=\"none\">En coordinaci\u00f3n con el Comit\u00e9 de Sostenibilidad, se llev\u00f3 a cabo el\u00a0webinar\u00a0\u201cRetail\u00a0Sostenible: Igualdad y ASG como motores de valor\u201d, impartida por McBride | THRIVE \u2013 Human\u00a0Rights\u00a0&amp;\u00a0Diversity\u00a0Due\u00a0Diligence.<\/span><span data-ccp-props=\"{&quot;201341983&quot;:2,&quot;335557856&quot;:16777215,&quot;335559739&quot;:225,&quot;335559740&quot;:420}\">\u00a0<\/span><\/p>\n<p><span data-ccp-props=\"{&quot;201341983&quot;:0,&quot;335559739&quot;:0,&quot;335559740&quot;:240}\">\u00a0<\/span><\/p>\n<p><span data-ccp-props=\"{}\">\u00a0<\/span><\/p>\n","protected":false},"excerpt":{"rendered":"<p>COMIT\u00c9 DE IGUALDAD DE G\u00c9NERO\u00a0 Se inaugur\u00f3 el Comit\u00e9 de Igualdad de G\u00e9nero de ANTAD, un espacio orientado a fortalecer el compromiso del sector comercio con la igualdad sustantiva y la creaci\u00f3n de entornos laborales incluyentes.\u00a0 La sesi\u00f3n cont\u00f3 con &hellip; <a href=\"https:\/\/informe.antad.net\/2025\/igualdad-de-genero\/\"><\/a><\/p>\n","protected":false},"author":2,"featured_media":0,"parent":0,"menu_order":0,"comment_status":"closed","ping_status":"closed","template":"","meta":{"footnotes":""},"class_list":["post-3023","page","type-page","status-publish","hentry"],"_links":{"self":[{"href":"https:\/\/informe.antad.net\/2025\/wp-json\/wp\/v2\/pages\/3023","targetHints":{"allow":["GET"]}}],"collection":[{"href":"https:\/\/informe.antad.net\/2025\/wp-json\/wp\/v2\/pages"}],"about":[{"href":"https:\/\/informe.antad.net\/2025\/wp-json\/wp\/v2\/types\/page"}],"author":[{"embeddable":true,"href":"https:\/\/informe.antad.net\/2025\/wp-json\/wp\/v2\/users\/2"}],"replies":[{"embeddable":true,"href":"https:\/\/informe.antad.net\/2025\/wp-json\/wp\/v2\/comments?post=3023"}],"version-history":[{"count":3,"href":"https:\/\/informe.antad.net\/2025\/wp-json\/wp\/v2\/pages\/3023\/revisions"}],"predecessor-version":[{"id":3026,"href":"https:\/\/informe.antad.net\/2025\/wp-json\/wp\/v2\/pages\/3023\/revisions\/3026"}],"wp:attachment":[{"href":"https:\/\/informe.antad.net\/2025\/wp-json\/wp\/v2\/media?parent=3023"}],"curies":[{"name":"wp","href":"https:\/\/api.w.org\/{rel}","templated":true}]}}