
{"id":3027,"date":"2026-03-25T22:46:04","date_gmt":"2026-03-26T04:46:04","guid":{"rendered":"https:\/\/informe.antad.net\/2025\/?page_id=3027"},"modified":"2026-03-25T22:46:11","modified_gmt":"2026-03-26T04:46:11","slug":"marketing","status":"publish","type":"page","link":"https:\/\/informe.antad.net\/2025\/marketing\/","title":{"rendered":"Marketing"},"content":{"rendered":"<h2><span data-contrast=\"auto\">COMIT\u00c9 MARKETING<\/span><span data-ccp-props=\"{&quot;134233117&quot;:true,&quot;134233118&quot;:true,&quot;201341983&quot;:0,&quot;335551550&quot;:6,&quot;335551620&quot;:6,&quot;335559740&quot;:240}\">\u00a0<\/span><\/h2>\n<p><span data-contrast=\"auto\">Comit\u00e9 de Marketing de la ANTAD centr\u00f3 sus esfuerzos en fortalecer la comunicaci\u00f3n estrat\u00e9gica del sector\u00a0retail, reconociendo su papel fundamental para construir valor de marca, generar confianza en el consumidor y consolidar la relevancia de la industria en un entorno altamente competitivo y din\u00e1mico.<\/span><span data-ccp-props=\"{&quot;134233117&quot;:true,&quot;134233118&quot;:true,&quot;201341983&quot;:0,&quot;335551550&quot;:6,&quot;335551620&quot;:6,&quot;335559740&quot;:240}\">\u00a0<\/span><\/p>\n<p><span data-contrast=\"auto\">En 2025, se impulsaron iniciativas orientadas a optimizar la forma en que las empresas afiliadas conectan con sus audiencias, priorizando la claridad del mensaje, la consistencia en los canales y\u00a0el fortalecimiento en\u00a0plataformas digitales.\u00a0<\/span><span data-ccp-props=\"{&quot;134233117&quot;:true,&quot;134233118&quot;:true,&quot;201341983&quot;:0,&quot;335551550&quot;:6,&quot;335551620&quot;:6,&quot;335559740&quot;:240}\">\u00a0<\/span><\/p>\n<p><span data-contrast=\"auto\">Uno de los principales avances fue el fortalecimiento de las campa\u00f1as institucionales, las cuales no solo incrementaron la visibilidad del sector, sino que tambi\u00e9n contribuyeron a posicionar a la ANTAD como una voz relevante\u00a0del sector detallista en M\u00e9xico.\u00a0<\/span><span data-ccp-props=\"{&quot;134233117&quot;:true,&quot;134233118&quot;:true,&quot;201341983&quot;:0,&quot;335551550&quot;:6,&quot;335551620&quot;:6,&quot;335559740&quot;:240}\">\u00a0<\/span><\/p>\n<p><span data-contrast=\"auto\">Se llev\u00f3 a cabo un desayuno con el Comit\u00e9 de Marketing al que asistieron algunos Asociados y contamos con la presencia de Cecilia Partida,\u00a0<\/span><span data-contrast=\"none\">Chief\u00a0of\u00a0Staff\u00a0en ACAM.<\/span><span data-ccp-props=\"{&quot;134233117&quot;:true,&quot;134233118&quot;:true,&quot;201341983&quot;:0,&quot;335551550&quot;:6,&quot;335551620&quot;:6,&quot;335559740&quot;:240}\">\u00a0<\/span><\/p>\n<p><span data-contrast=\"auto\">Como ANTAD, tenemos\u00a0participaci\u00f3n activa\u00a0en el comit\u00e9\u00a0Ediotorial\u00a0del CCE y apoyamos las campa\u00f1as del Consejo de la comunicaci\u00f3n que resaltan la\u00a0importancia\u00a0 de\u00a0la comunidad\u00a0empresarial de nuestro pa\u00eds.<\/span><span data-ccp-props=\"{&quot;134233117&quot;:true,&quot;134233118&quot;:true,&quot;201341983&quot;:0,&quot;335551550&quot;:6,&quot;335551620&quot;:6,&quot;335559740&quot;:240}\">\u00a0<\/span><\/p>\n<p><span data-contrast=\"auto\">En conjunto, los resultados de este a\u00f1o reflejan avances significativos en la profesionalizaci\u00f3n y evoluci\u00f3n de la comunicaci\u00f3n dentro del sector, reafirmando su papel como un pilar estrat\u00e9gico para el crecimiento y la competitividad de las empresas afiliadas a la ANTAD.<\/span><span data-ccp-props=\"{&quot;134233117&quot;:true,&quot;134233118&quot;:true,&quot;201341983&quot;:0,&quot;335551550&quot;:6,&quot;335551620&quot;:6,&quot;335559740&quot;:240}\">\u00a0<\/span><\/p>\n","protected":false},"excerpt":{"rendered":"<p>COMIT\u00c9 MARKETING\u00a0 Comit\u00e9 de Marketing de la ANTAD centr\u00f3 sus esfuerzos en fortalecer la comunicaci\u00f3n estrat\u00e9gica del sector\u00a0retail, reconociendo su papel fundamental para construir valor de marca, generar confianza en el consumidor y consolidar la relevancia de la industria en &hellip; <a href=\"https:\/\/informe.antad.net\/2025\/marketing\/\"><\/a><\/p>\n","protected":false},"author":2,"featured_media":0,"parent":0,"menu_order":0,"comment_status":"closed","ping_status":"closed","template":"","meta":{"footnotes":""},"class_list":["post-3027","page","type-page","status-publish","hentry"],"_links":{"self":[{"href":"https:\/\/informe.antad.net\/2025\/wp-json\/wp\/v2\/pages\/3027","targetHints":{"allow":["GET"]}}],"collection":[{"href":"https:\/\/informe.antad.net\/2025\/wp-json\/wp\/v2\/pages"}],"about":[{"href":"https:\/\/informe.antad.net\/2025\/wp-json\/wp\/v2\/types\/page"}],"author":[{"embeddable":true,"href":"https:\/\/informe.antad.net\/2025\/wp-json\/wp\/v2\/users\/2"}],"replies":[{"embeddable":true,"href":"https:\/\/informe.antad.net\/2025\/wp-json\/wp\/v2\/comments?post=3027"}],"version-history":[{"count":1,"href":"https:\/\/informe.antad.net\/2025\/wp-json\/wp\/v2\/pages\/3027\/revisions"}],"predecessor-version":[{"id":3028,"href":"https:\/\/informe.antad.net\/2025\/wp-json\/wp\/v2\/pages\/3027\/revisions\/3028"}],"wp:attachment":[{"href":"https:\/\/informe.antad.net\/2025\/wp-json\/wp\/v2\/media?parent=3027"}],"curies":[{"name":"wp","href":"https:\/\/api.w.org\/{rel}","templated":true}]}}