
{"id":85,"date":"2023-03-01T22:26:12","date_gmt":"2023-03-02T04:26:12","guid":{"rendered":"https:\/\/informe.antad.net\/2025\/restaurant-bar\/"},"modified":"2026-03-22T11:22:39","modified_gmt":"2026-03-22T17:22:39","slug":"plataforma-de-pagos","status":"publish","type":"page","link":"https:\/\/informe.antad.net\/2025\/plataforma-de-pagos\/","title":{"rendered":"Plataforma de Pagos"},"content":{"rendered":"<p><strong>Consolidaci\u00f3n de Nuestra Plataforma de Pagos.<\/strong><\/p>\n<p>En colaboraci\u00f3n con Citi, hemos integrado el servicio X-PAY, el cual concentra a diversos facturadores de gran relevancia, entre ellos Smart Fit, Danone, IMSS, PEPSICO, Bimbo, Sherwin Williams, entre otros. En conjunto, representan un promedio de 20 millones de pagos mensuales, procesados de manera eficiente a trav\u00e9s de una sola conexi\u00f3n. Gracias a esta integraci\u00f3n, las cadenas comerciales afiliadas pueden recibir pagos provenientes de instituciones como el IMSS, aseguradoras, empresas gaseras y distintas entidades gubernamentales.<\/p>\n<p><strong>Liderazgo en Recaudaci\u00f3n Gubernamental.<\/strong><\/p>\n<p>Mantenemos un papel protag\u00f3nico en la incorporaci\u00f3n de Gobiernos Estatales y Municipales para apoyar la recaudaci\u00f3n de contribuciones. En 2025 se sumaron 3 nuevos gobiernos: Tabasco, Zacatecas y Yucat\u00e1n, fortaleciendo nuestra presencia en las 50 cadenas comerciales conectadas a nuestra plataforma, consolidando la confianza de estas. Actualmente, seguimos ampliando nuestra cobertura como auxiliares de recaudaci\u00f3n.<\/p>\n<p><strong>Expansi\u00f3n de Verticales de Negocio<\/strong><\/p>\n<p>Nuestras alianzas estrat\u00e9gicas nos permiten diversificar las soluciones de pago hacia nuevas verticales, incluyendo:<\/p>\n<ul>\n<li><strong>Transacciones digitales mediante wallets (QR, cash in y cash out)<\/strong><\/li>\n<li><strong>CoDi<\/strong><\/li>\n<li><strong>Remesas<\/strong><\/li>\n<\/ul>\n<p>La red de cadenas comerciales que hemos construido nos posiciona como una de las plataformas m\u00e1s relevantes en M\u00e9xico para la recepci\u00f3n de pagos y dispersi\u00f3n de recursos.<\/p>\n<p><strong>Consolidaci\u00f3n Operativa<\/strong><\/p>\n<p>Hemos fortalecido nuestra operaci\u00f3n, optimizado todos los aspectos de nuestro modelo de negocio. Esto nos permite:<\/p>\n<ul>\n<li><strong>Incrementar la eficiencia en los procesos.<\/strong><\/li>\n<li><strong>Garantizar mayor seguridad y confiabilidad en las transacciones.<\/strong><\/li>\n<li><strong>Aumentar el valor que ofrecemos a los comercios afiliados, consolidando relaciones de largo plazo y potenciando su crecimiento.<\/strong><\/li>\n<\/ul>\n","protected":false},"excerpt":{"rendered":"<p>Consolidaci\u00f3n de Nuestra Plataforma de Pagos. En colaboraci\u00f3n con Citi, hemos integrado el servicio X-PAY, el cual concentra a diversos facturadores de gran relevancia, entre ellos Smart Fit, Danone, IMSS, PEPSICO, Bimbo, Sherwin Williams, entre otros. En conjunto, representan un &hellip; <a href=\"https:\/\/informe.antad.net\/2025\/plataforma-de-pagos\/\"><\/a><\/p>\n","protected":false},"author":1,"featured_media":0,"parent":0,"menu_order":0,"comment_status":"closed","ping_status":"closed","template":"","meta":{"footnotes":""},"class_list":["post-85","page","type-page","status-publish","hentry"],"_links":{"self":[{"href":"https:\/\/informe.antad.net\/2025\/wp-json\/wp\/v2\/pages\/85","targetHints":{"allow":["GET"]}}],"collection":[{"href":"https:\/\/informe.antad.net\/2025\/wp-json\/wp\/v2\/pages"}],"about":[{"href":"https:\/\/informe.antad.net\/2025\/wp-json\/wp\/v2\/types\/page"}],"author":[{"embeddable":true,"href":"https:\/\/informe.antad.net\/2025\/wp-json\/wp\/v2\/users\/1"}],"replies":[{"embeddable":true,"href":"https:\/\/informe.antad.net\/2025\/wp-json\/wp\/v2\/comments?post=85"}],"version-history":[{"count":39,"href":"https:\/\/informe.antad.net\/2025\/wp-json\/wp\/v2\/pages\/85\/revisions"}],"predecessor-version":[{"id":3016,"href":"https:\/\/informe.antad.net\/2025\/wp-json\/wp\/v2\/pages\/85\/revisions\/3016"}],"wp:attachment":[{"href":"https:\/\/informe.antad.net\/2025\/wp-json\/wp\/v2\/media?parent=85"}],"curies":[{"name":"wp","href":"https:\/\/api.w.org\/{rel}","templated":true}]}}