
{"id":920,"date":"2023-03-04T21:16:08","date_gmt":"2023-03-05T03:16:08","guid":{"rendered":"https:\/\/informe.antad.net\/2025\/?page_id=920"},"modified":"2026-03-25T22:41:46","modified_gmt":"2026-03-26T04:41:46","slug":"comite-comercio-electronico","status":"publish","type":"page","link":"https:\/\/informe.antad.net\/2025\/comite-comercio-electronico\/","title":{"rendered":"Comit\u00e9 Comercio Electr\u00f3nico"},"content":{"rendered":"<h2><b><span data-contrast=\"none\">COMERCIO ELECTRONICO<\/span><\/b><span data-ccp-props=\"{&quot;134233117&quot;:false,&quot;134233118&quot;:false,&quot;201341983&quot;:2,&quot;335557856&quot;:16777215,&quot;335559738&quot;:0,&quot;335559739&quot;:0,&quot;335559740&quot;:420}\">\u00a0<\/span><\/h2>\n<p><span data-contrast=\"none\">Se logr\u00f3 eliminar el\u00a0deminimis\u00a0para las importaciones por compras en portales electr\u00f3nicos de As\u00eda.<\/span><span data-ccp-props=\"{&quot;134233117&quot;:false,&quot;134233118&quot;:false,&quot;201341983&quot;:2,&quot;335557856&quot;:16777215,&quot;335559738&quot;:0,&quot;335559739&quot;:225,&quot;335559740&quot;:420}\">\u00a0<\/span><\/p>\n<p><span data-contrast=\"none\">Deber\u00e1n pagar 19% de IGI (impuesto general de importaci\u00f3n) y 16% de IVA.<\/span><span data-ccp-props=\"{&quot;134233117&quot;:false,&quot;134233118&quot;:false,&quot;201341983&quot;:2,&quot;335557856&quot;:16777215,&quot;335559738&quot;:0,&quot;335559739&quot;:225,&quot;335559740&quot;:420}\">\u00a0<\/span><\/p>\n<p><span data-contrast=\"none\">En 2024 se public\u00f3 la obligatoriedad de retenci\u00f3n de IVA a plataformas, pago tasa global 17 al 21%, eliminaci\u00f3n de RFC Gen\u00e9rico en pedimentos T1 y se obliga a dar informaci\u00f3n detallada de la mercanc\u00eda a importar.<\/span><span data-ccp-props=\"{&quot;134233117&quot;:false,&quot;134233118&quot;:false,&quot;201341983&quot;:2,&quot;335557856&quot;:16777215,&quot;335559738&quot;:0,&quot;335559739&quot;:225,&quot;335559740&quot;:420}\">\u00a0<\/span><\/p>\n<p><span data-contrast=\"none\">Se bajo el proyecto de cambios a las reglas de comercio exterior que exentaba del cumplimiento de normas en importaciones menores a USD2,500.<\/span><span data-ccp-props=\"{&quot;134233117&quot;:false,&quot;134233118&quot;:false,&quot;201341983&quot;:2,&quot;335557856&quot;:16777215,&quot;335559738&quot;:0,&quot;335559739&quot;:225,&quot;335559740&quot;:420}\">\u00a0<\/span><\/p>\n<p><span data-contrast=\"none\">Estamos trabajando el proyecto de NOM que regular\u00e1 las ventas en l\u00ednea, con el que se busca asegurar el cumplimiento de normas oficiales mexicanas de los productos que se venden en portales.<\/span><span data-ccp-props=\"{&quot;134233117&quot;:false,&quot;134233118&quot;:false,&quot;201341983&quot;:2,&quot;335557856&quot;:16777215,&quot;335559738&quot;:0,&quot;335559739&quot;:225,&quot;335559740&quot;:420}\">\u00a0<\/span><\/p>\n<p><span data-contrast=\"none\">Las plataformas digitales pagar\u00e1n IVA e ISR mediante retenci\u00f3n del 4% o 20% de ISR dependiendo si cuentan o no con RFC, 8% o 16% de IVA si cuentan o no con RFC y deber\u00e1n dar los datos de los vendedores sean o no nacionales.<\/span><span data-ccp-props=\"{&quot;134233117&quot;:false,&quot;134233118&quot;:false,&quot;201341983&quot;:2,&quot;335557856&quot;:16777215,&quot;335559738&quot;:0,&quot;335559739&quot;:225,&quot;335559740&quot;:420}\">\u00a0<\/span><\/p>\n","protected":false},"excerpt":{"rendered":"<p>COMERCIO ELECTRONICO\u00a0 Se logr\u00f3 eliminar el\u00a0deminimis\u00a0para las importaciones por compras en portales electr\u00f3nicos de As\u00eda.\u00a0 Deber\u00e1n pagar 19% de IGI (impuesto general de importaci\u00f3n) y 16% de IVA.\u00a0 En 2024 se public\u00f3 la obligatoriedad de retenci\u00f3n de IVA a plataformas, &hellip; <a href=\"https:\/\/informe.antad.net\/2025\/comite-comercio-electronico\/\"><\/a><\/p>\n","protected":false},"author":1,"featured_media":0,"parent":0,"menu_order":0,"comment_status":"closed","ping_status":"closed","template":"","meta":{"footnotes":""},"class_list":["post-920","page","type-page","status-publish","hentry"],"_links":{"self":[{"href":"https:\/\/informe.antad.net\/2025\/wp-json\/wp\/v2\/pages\/920","targetHints":{"allow":["GET"]}}],"collection":[{"href":"https:\/\/informe.antad.net\/2025\/wp-json\/wp\/v2\/pages"}],"about":[{"href":"https:\/\/informe.antad.net\/2025\/wp-json\/wp\/v2\/types\/page"}],"author":[{"embeddable":true,"href":"https:\/\/informe.antad.net\/2025\/wp-json\/wp\/v2\/users\/1"}],"replies":[{"embeddable":true,"href":"https:\/\/informe.antad.net\/2025\/wp-json\/wp\/v2\/comments?post=920"}],"version-history":[{"count":25,"href":"https:\/\/informe.antad.net\/2025\/wp-json\/wp\/v2\/pages\/920\/revisions"}],"predecessor-version":[{"id":3022,"href":"https:\/\/informe.antad.net\/2025\/wp-json\/wp\/v2\/pages\/920\/revisions\/3022"}],"wp:attachment":[{"href":"https:\/\/informe.antad.net\/2025\/wp-json\/wp\/v2\/media?parent=920"}],"curies":[{"name":"wp","href":"https:\/\/api.w.org\/{rel}","templated":true}]}}