
{"id":950,"date":"2023-03-04T21:18:44","date_gmt":"2023-03-05T03:18:44","guid":{"rendered":"https:\/\/informe.antad.net\/2025\/?page_id=950"},"modified":"2026-03-21T19:51:50","modified_gmt":"2026-03-22T01:51:50","slug":"recursos-humanos","status":"publish","type":"page","link":"https:\/\/informe.antad.net\/2025\/recursos-humanos\/","title":{"rendered":"Recursos Humanos"},"content":{"rendered":"<h2><strong style=\"font-size: 30px;\">RECURSOS HUMANOS <\/strong><\/h2>\n<p>Durante el periodo 2025, se han actualizado y reforzado los temas estrat\u00e9gicos que impactan directamente en las \u00e1reas de Recursos Humanos. Estas mejoras se han implementado a trav\u00e9s de la participaci\u00f3n de los representantes del Comit\u00e9 de Recursos Humanos y sus subcomit\u00e9s, con el objetivo de garantizar la alineaci\u00f3n con las mejores pr\u00e1cticas y fortalecer la gesti\u00f3n del talento en la organizaci\u00f3n. <\/p>\n<p>Los 6 subcomit\u00e9s que se tienen son: Administraci\u00f3n de Personal, Capacitaci\u00f3n, Reclutamiento y Selecci\u00f3n, Sueldos y Compensaciones, Seguridad y Salud y Diversidad e Inclusi\u00f3n. <\/p>\n<h3><strong style=\"font-size: 26px;\">Comit\u00e9 RRHH Titulares<\/strong><\/h3>\n<p>Se llevaron a cabo diversas reuniones con relaci\u00f3n a la Identificaci\u00f3n de Factores de Riesgo &#8220;Ley Silla&#8221;, seguimiento a la iniciativa de reducci\u00f3n de la jornada laboral, cambios al Art. 29 de la Ley del Infonavit. <\/p>\n<p>Comisi\u00f3n de Educaci\u00f3n, Comisi\u00f3n de Derechos Humanos, Comisi\u00f3n de Inclusi\u00f3n, Comisi\u00f3n de la Formaci\u00f3n Dual del CCE<\/p>\n<p>Se tuvieron reuniones con la Comisi\u00f3n de Educaci\u00f3n para revisar los programas de educaci\u00f3n b\u00e1sica, media superior y superior, avance en los programas de j\u00f3venes construyendo el futuro y modelo de formaci\u00f3n dual. <\/p>\n<p>En la Comisi\u00f3n de Derechos Humanos se abordaron distintos temas en relaci\u00f3n con la debida diligencia, gobierno corporativo entre otros.<\/p>\n<p>Se env\u00edo a las Cadenas la invitaci\u00f3n a participar en el \u00cdndice de Inclusi\u00f3n Laboral de Personas con Discapacidad 2025 coordinado por la organizaci\u00f3n \u00a1\u00c9ntrale! <\/p>\n<p><strong>Encuestas R\u00e1pidas <\/strong><\/p>\n<p>Es la forma de obtener de manera r\u00e1pida informaci\u00f3n referente a alg\u00fan tema de inter\u00e9s o inquietud. Los resultados se comparten con las empresas participantes. <\/p>\n<p>Se realizaron 4 encuestas:  <\/p>\n<ol class=\"numeros\">\n<li>Proyecci\u00f3n de Incremento Salarial 2026 \u2013 participaci\u00f3n de 27 Cadenas.<\/li>\n<li>Teletrabajo \u2013 participaci\u00f3n de 27 Cadenas.<\/li>\n<li>Integraci\u00f3n del \u00e1rea de seguridad e Higiene- participaci\u00f3n de 19 Cadenas.<\/li>\n<li>Mejores Pr\u00e1cticas estrat\u00e9gicas para la retenci\u00f3n de personal y medici\u00f3n del costo de rotaci\u00f3n por trabajador. &#8211; En ejecuci\u00f3n.<\/li>\n<\/ol>\n<h3><strong style=\"font-size: 26px;\">Subcomit\u00e9 de Administraci\u00f3n de Personal <\/strong><\/h3>\n<p><strong>Estudio de Rotaci\u00f3n de Personal Mensual <\/strong><\/p>\n<p>Se efectu\u00f3 la medici\u00f3n de la rotaci\u00f3n mensual por entidad federativa, as\u00ed como el c\u00e1lculo del \u00edndice global de rotaci\u00f3n de personal correspondiente al periodo de enero a agosto. El an\u00e1lisis se realiz\u00f3 con la participaci\u00f3n promedio de 42 cadenas comerciales. A continuaci\u00f3n, se presenta el nivel de participaci\u00f3n de dichas cadenas considerando ambos formatos: Autoservicio y Departamental: <\/p>\n<p><strong style=\"font-size: 20px;\">Enero<\/strong>  <\/p>\n<ul>\n<li><strong>Autoservicio<\/strong>: 15 Cadenas que representan el 79% del piso de venta.<\/li>\n<li><strong>Departamental<\/strong>: 25 Cadenas que representan 88% del piso de venta.<\/li>\n<\/ul>\n<p><strong style=\"font-size: 20px;\">Febrero<\/strong>  <\/p>\n<ul>\n<li><strong>Autoservicio<\/strong>: 15 Cadenas que representan el 79% del piso de venta.<\/li>\n<li><strong>Departamental<\/strong>: 25 Cadenas que representan 88% del piso de venta.<\/li>\n<\/ul>\n<p><strong style=\"font-size: 20px;\">Marzo<\/strong> <\/p>\n<ul>\n<li><strong>Autoservicio<\/strong>: 15 Cadenas que representan el 79% del piso de venta.<\/li>\n<li><strong>Departamental<\/strong>: 25 Cadenas que representan 88% del piso de venta.<\/li>\n<\/ul>\n<p><strong style=\"font-size: 20px;\">Abril<\/strong> <\/p>\n<ul>\n<li><strong>Autoservicio<\/strong>: 17 Cadenas que representan el 79% del piso de venta. <\/li>\n<li><strong>Departamental<\/strong>: 25 Cadenas que representan 88% del piso de venta.<\/li>\n<\/ul>\n<p><strong style=\"font-size: 20px;\">Mayo<\/strong> <\/p>\n<ul>\n<li><strong>Autoservicio<\/strong>: 17 Cadenas que representan el 85% del piso de venta. <\/li>\n<li><strong>Departamental<\/strong>: 28 Cadenas que representan 90% del piso de venta.<\/li>\n<\/ul>\n<p><strong style=\"font-size: 20px;\">Junio<\/strong> <\/p>\n<ul>\n<li><strong>Autoservicio<\/strong>: 18 Cadenas que representan el 85% del piso de venta. <\/li>\n<li><strong>Departamental<\/strong>: 27 Cadenas que representan 90% del piso de venta.<\/li>\n<\/ul>\n<p><strong style=\"font-size: 20px;\">Julio<\/strong> <\/p>\n<ul>\n<li><strong>Autoservicio<\/strong>: 15 Cadenas que representan el 84% del piso de venta. <\/li>\n<li><strong>Departamental<\/strong>: 27 Cadenas que representan 89% del piso de venta.<\/li>\n<\/ul>\n<p><strong style=\"font-size: 20px;\">Agosto<\/strong> <\/p>\n<ul>\n<li><strong>Autoservicio<\/strong>: 18 Cadenas que representan el 85% del piso de venta. <\/li>\n<li><strong>Departamental<\/strong>: 26 Cadenas que representan 89% del piso de venta.<\/li>\n<\/ul>\n<p>Con base en el \u00edndice de rotaci\u00f3n ANTAD, los estados que presentaron un comportamiento con mayor rotaci\u00f3n los primeros 8 meses (Enero a Agosto) del a\u00f1o, en el formato de Autoservicio fueron: 98.1% Baja California Sur, para el formato de Departamentales fueron: 18.2% Nuevo Le\u00f3n, 22.9% Chihuahua, 6.7% Quer\u00e9taro y 5.8% Baja California Sur <\/p>\n<h3><strong style=\"font-size: 26px;\">Subcomit\u00e9 de Capacitaci\u00f3n <\/strong><\/h3>\n<p><strong>Universidad ANTAD<\/strong><\/p>\n<p>A tres a\u00f1os de su creaci\u00f3n la Universidad ANTAD ha presentado a las Cadenas Asociadas una alternativa Acad\u00e9mica formada especialmente para los colaboradores que hoy d\u00eda viven el mundo laboral y sus retos.  El programa actualmente cuenta con Bachillerato con formaci\u00f3n para el trabajo, 6 Licenciaturas, 4 Especialidades y 2 Maestr\u00edas. <\/p>\n<p>En este 2025 cerramos con 37 participantes, as\u00ed mismo en este periodo se titul\u00f3 la Primera Generaci\u00f3n de Graduados 2022-2025 con 15 colaboradores en las Licenciaturas en Desarrollo Humano, Comercializaci\u00f3n y Ventas, Licenciatura en Desarrollo y Administraci\u00f3n del Capital Humano y Licenciatura en Desarrollo Humano, Innovaci\u00f3n y Gesti\u00f3n.<\/p>\n<p>As\u00ed mismo, con el objetivo de fortalecer el desarrollo profesional en el sector retail, se estableci\u00f3 una alianza estrat\u00e9gica con la Universidad Virtual de Liverpool. Esta colaboraci\u00f3n busca ampliar la oferta educativa disponible para los colaboradores de las Cadenas Asociadas a ANTAD, ofreciendo programas acad\u00e9micos y capacitaciones especializadas que impulsan la formaci\u00f3n continua, la innovaci\u00f3n y la competitividad del sector.<\/p>\n<p>Se consolid\u00f3 adem\u00e1s una alianza con Microsoft a trav\u00e9s de la Red por la Ciberseguridad, con el prop\u00f3sito de fortalecer las competencias digitales en el sector retail. Gracias a esta colaboraci\u00f3n, se pusieron a disposici\u00f3n de los colaboradores de las Cadenas Asociadas a ANTAD programas innovadores como Inteligencia Artificial para la Vida y el Trabajo, as\u00ed como capacitaciones especializadas en \u00e1reas clave: Recursos Humanos, Tecnolog\u00edas de la Informaci\u00f3n, Jur\u00eddico, entre otras.<\/p>\n<p>Esta iniciativa impulsa la transformaci\u00f3n digital, fomenta la ciberseguridad y promueve el desarrollo de habilidades estrat\u00e9gicas para enfrentar los retos del mercado actual.<\/p>\n<p><strong>Cursos<\/strong><\/p>\n<p>Se impartieron dos Talleres de \u201cInspecci\u00f3n Laboral 360\u00b0 cumplimiento, inclusi\u00f3n y tecnolog\u00eda\u201d el primero en modalidad presencial y en l\u00ednea con la participaci\u00f3n de 23 participantes y 8 Cadenas Asociadas, el segundo en modalidad en l\u00ednea con la participaci\u00f3n de 6 participantes y 3 cadenas asociadas y 1 no asociado<\/p>\n<h3><strong style=\"font-size: 26px;\">Subcomit\u00e9 de Reclutamiento y Selecci\u00f3n <\/strong><\/h3>\n<p><strong>BIA (Bolsa de Trabajo Inteligente ANTAD) <\/strong><\/p>\n<p>Contamos con Facebook y LinkedIn para publicar las vacantes operativas y ejecutivas de las Cadenas Asociadas, se realizaron 2 publicaciones en este 2025. <\/p>\n<p>Algunas de las posiciones publicadas fueron: <\/p>\n<ul class=\"lista\">\n<li>Chofer<\/li>\n<li>Asesores de Comercio Electr\u00f3nico<\/li>\n<\/ul>\n<p>Se coordinaron 4 grupos de WhatsApp en CDMX, Guadalajara, Jalisco y Nuevo Le\u00f3n, en donde las cadenas apoyan el intercambio de candidatos y cubrir vacantes urgentes, se ha creado un grupo reciente denominado Sur que abarca Tabasco, Quintana Roo y Yucat\u00e1n: <\/p>\n<ul>\n<li>Ciudad de M\u00e9xico &#8211; 54 participantes  <\/li>\n<li>Guadalajara, Jalisco &#8211; 36 participantes <\/li>\n<li>Monterrey, Nuevo Le\u00f3n \u2013 24 participantes <\/li>\n<li>Sur &#8211; 21 participantes<\/li>\n<\/ul>\n<p>En el perfil de LinkedIn ANTAD Recursos Humanos actualmente se cuenta con 10,462 seguidores.<\/p>\n<p>Centro de Evaluaci\u00f3n en L\u00ednea de Reclutamiento y Selecci\u00f3n (CELRS)<br \/>\nEn el CELRS ponemos a disposici\u00f3n de las Cadenas Asociadas pruebas psicom\u00e9tricas (Profit, Service Fit for Retail y Roadworthy. En colaboraci\u00f3n con OD Consulting Group, para el 2025 se aplicaron 30 pruebas psicom\u00e9tricas.<\/p>\n<p><strong>Subcomit\u00e9 de Sueldos y Compensaciones<\/strong><\/p>\n<ol class=\"lista\">\n<li>Se aplic\u00f3 la Encuesta nivel Jer\u00e1rquico mas alto en el \u00e1rea de Auditor\u00eda.<\/li>\n<li>Cadenas Asociadas participaron de la encuesta de Sueldos y Compensaciones de WTW: <\/li>\n<ul class=\"sublista\">\n<li>7-Eleven<\/li>\n<li>Almacenes Garcia<\/li>\n<li>American Eagle Outfitters<\/li>\n<li>Autozone<\/li>\n<li>C&#038;A<\/li>\n<li>Chedraui<\/li>\n<li>Coppel<\/li>\n<li>\u00d3pticas Devlyn<\/li>\n<li>El Palacio de Hierro<\/li>\n<li>Farmacias Benavides<\/li>\n<li>Farmacias del Ahorro<\/li>\n<li>Farmacias San Pablo<\/li>\n<li>Grupo Axo<\/li>\n<li>Sears<\/li>\n<li>Sanborns<\/li>\n<li>HEB<\/li>\n<li>Home Depot<\/li>\n<li>La Comer<\/li>\n<li>Levi Strauss &#038; Co.<\/li>\n<li>Liverpool<\/li>\n<li>Marti<\/li>\n<li>Merza<\/li>\n<li>Nutrisa<\/li>\n<li>Office Depot<\/li>\n<li>Office Max<\/li>\n<li>Organizacion Soriana<\/li>\n<li>Shasa<\/li>\n<li>S-Mart<\/li>\n<li>Waldos<\/li>\n<\/ul>\n<\/ol>\n<p><strong style=\"font-size:20px;\">Expo ANTAD &#038; Alimentaria M\u00e9xico 2025 <\/strong><\/p>\n<p>En el marco de Expo ANTAD se desarroll\u00f3 el programa #RetailTalks, conformado por dos espacios especializados: Master y Media Snapshot, en el Sal\u00f3n Guadalajara.<\/p>\n<ul class=\"lista\">\n<li>6 tendencias estrat\u00e9gicas: Media &#038; Marketing, Sostenibilidad, Transformaci\u00f3n Digital, Cadena de Suministro, entre otras.<\/li>\n<li>27 conferencias impartidas por expertos del sector.<\/li>\n<li>2,450 participantes que fortalecieron el networking y la generaci\u00f3n de conocimiento.<\/li>\n<\/ul>\n<p>Este programa contribuy\u00f3 a la consolidaci\u00f3n de Expo ANTAD como un referente en innovaci\u00f3n y tendencias para el retail en M\u00e9xico.<\/p>\n<p>Continuamos con la transmisi\u00f3n en vivo de las super sesiones, as\u00ed algunas conferencias silenciosas.<br \/>\nLas conferencias impartidas fueron:<\/p>\n<ul class=\"lista\">\n<li>Perspectivas y Tendencias Globales del Retail 2025 &#8211; Juan Manuel Morales<\/li>\n<li>Mujeres l\u00edderes: una visi\u00f3n transformadora para el retail \u2013 Melanie Devlyn, Esther Massry<\/li>\n<li>Power AI: Acelera tu transformaci\u00f3n digital y maximiza tus ventas \u2013 Juan Vallejo<\/li>\n<li>El M\u00e9xico de la incertidumbre \u2013 Eduardo Ragasol<\/li>\n<li>Retail en Pinterest: Inspiraci\u00f3n que lleva a la compra<\/li>\n<li>Incrementando la productividad y las ventas con inteligencia artificial en los PDV \u2013 Jorge Garrido y Daniel Sampietro<\/li>\n<li>Optimizaci\u00f3n de costos en cadena de suministro: Claves para enfrentar nuevos desaf\u00edos &#8211; David Lati<\/li>\n<li>Agentic Retail: El Pr\u00f3ximo salto en la innovaci\u00f3n de la IA \u2013 Imelda Guti\u00e9rrez<\/li>\n<li>La visi\u00f3n completa del consumo en M\u00e9xico 2025: Comportamientos y realidades \u2013 Daniela Balc\u00e1zar<\/li>\n<li>Comportamiento del consumidor mexicano 2025 \u2013 Fabiola de la Portilla, Evoluci\u00f3n digital a trav\u00e9s del Marketplace y dropship \u2013 Cedric Viall\u00e9<\/li>\n<li>E-Commerce impulsando oportunidad en tiempos de cambio \u2013 Michelle Miranda<\/li>\n<li>Proveedores estrat\u00e9gicos: El arte de trabajar en la gesti\u00f3n impactando resultados \u2013 Ariel Valero<\/li>\n<li>Consciente, sustentable y trascendente &#8211; Mois\u00e9s Galindo, Innovaci\u00f3n &#038; Activaci\u00f3n = Ecuaci\u00f3n para el \u00e9xito &#8211; Fernando L\u00f3pez<\/li>\n<li>Winning Market and Mind Share in 2025 \u2013 Daniel Hodges<\/li>\n<li>Retail en evoluci\u00f3n: Claves para vender m\u00e1s y mejor en la nueva era del consumo \u2013 Alejandro Goldberg<\/li>\n<li>Una mirada a la econom\u00eda mexicana a partir de los censos econ\u00f3micos &#8211; Benito Arciniega<\/li>\n<li>Refrigeraci\u00f3n: Punto estrat\u00e9gico para tu negocio &#8211; Ra\u00fal Alan\u00eds<\/li>\n<li>El Poder de la IA, Video anal\u00edtica y biom\u00e9tricos en la industria retail \u2013 Omar Garza<\/li>\n<li>Propiedad intelectual: 3 consejos clave, si buscas exportar alimentos y bebidas a EUA \u2013 Niria M. Arvizu<\/li>\n<li>\u00bfC\u00f3mo las IGS pueden generar valor agregado para los consumidores y comerciantes? &#8211; Ram\u00f3n Gonz\u00e1lez y Jorge Peydro.<\/li>\n<li>Ciberseguridad en Retail; Protegiendo la experiencia del cliente \u2013 Daniel Hern\u00e1ndez<\/li>\n<li>Cumplimiento en exportaci\u00f3n de alimentos: Rompiendo barreras hacia USA Canad\u00e1 y UE \u2013 Miguel Mej\u00eda<\/li>\n<li>Quiero venderle al S\u00faper &#8211; Jes\u00fas Trujillo y Arturo Mendoza<\/li>\n<li>El futuro del retail no tiene desperdicio \u2013 Braulio Valenzuela<\/li>\n<li>Normatividad en evoluci\u00f3n: C\u00f3mo el cumplimiento de NOM\u2019s impacta desde importadores hasta consumidores &#8211; Adrian L\u00f3pez.<\/li>\n<\/ul>\n","protected":false},"excerpt":{"rendered":"<p>RECURSOS HUMANOS Durante el periodo 2025, se han actualizado y reforzado los temas estrat\u00e9gicos que impactan directamente en las \u00e1reas de Recursos Humanos. Estas mejoras se han implementado a trav\u00e9s de la participaci\u00f3n de los representantes del Comit\u00e9 de Recursos &hellip; <a href=\"https:\/\/informe.antad.net\/2025\/recursos-humanos\/\"><\/a><\/p>\n","protected":false},"author":1,"featured_media":0,"parent":0,"menu_order":0,"comment_status":"closed","ping_status":"closed","template":"","meta":{"footnotes":""},"class_list":["post-950","page","type-page","status-publish","hentry"],"_links":{"self":[{"href":"https:\/\/informe.antad.net\/2025\/wp-json\/wp\/v2\/pages\/950","targetHints":{"allow":["GET"]}}],"collection":[{"href":"https:\/\/informe.antad.net\/2025\/wp-json\/wp\/v2\/pages"}],"about":[{"href":"https:\/\/informe.antad.net\/2025\/wp-json\/wp\/v2\/types\/page"}],"author":[{"embeddable":true,"href":"https:\/\/informe.antad.net\/2025\/wp-json\/wp\/v2\/users\/1"}],"replies":[{"embeddable":true,"href":"https:\/\/informe.antad.net\/2025\/wp-json\/wp\/v2\/comments?post=950"}],"version-history":[{"count":129,"href":"https:\/\/informe.antad.net\/2025\/wp-json\/wp\/v2\/pages\/950\/revisions"}],"predecessor-version":[{"id":3005,"href":"https:\/\/informe.antad.net\/2025\/wp-json\/wp\/v2\/pages\/950\/revisions\/3005"}],"wp:attachment":[{"href":"https:\/\/informe.antad.net\/2025\/wp-json\/wp\/v2\/media?parent=950"}],"curies":[{"name":"wp","href":"https:\/\/api.w.org\/{rel}","templated":true}]}}