
{"id":955,"date":"2023-03-04T21:19:21","date_gmt":"2023-03-05T03:19:21","guid":{"rendered":"https:\/\/informe.antad.net\/2025\/?page_id=955"},"modified":"2026-03-22T10:50:31","modified_gmt":"2026-03-22T16:50:31","slug":"comite-relaciones-gubernamentales","status":"publish","type":"page","link":"https:\/\/informe.antad.net\/2025\/comite-relaciones-gubernamentales\/","title":{"rendered":"Direcci\u00f3n de Relaciones con Gobierno"},"content":{"rendered":"<div class=\"wpb-content-wrapper\"><p>[vc_row][vc_column][vc_column_text]<\/p>\n<h2><strong>DIRECCION DE RELACIONES CON GOBIERNO<\/strong><\/h2>\n<p>Se atendieron diversas reuniones de representaci\u00f3n con autoridades federales y estatales, resaltamos algunos de los temas de mayor relevancia:<\/p>\n<p><strong>Secretar\u00eda de Econom\u00eda: <\/strong>aranceles, comercio electr\u00f3nico, Hecho en M\u00e9xico, seguridad, acuerdo productos nacionales, normas oficiales mexicanas, pr\u00e1cticas comerciales, restablecimiento de abasto durante fen\u00f3menos meteorol\u00f3gicos, cuotas compensatorias, Temec, decreto frontera, proyecto de norma oficial mexicana de comercio electr\u00f3nico, importaciones de China.<\/p>\n<p><strong>Secretar\u00eda de la Defensa Nacional: <\/strong>seguridad, apoyo en desastres naturales, Guardia Nacional, plan DN-III-E.<\/p>\n<p><strong>Secretar\u00eda de Seguridad: <\/strong>seguridad, extorsiones, Conase, atenci\u00f3n en desastres naturales.<\/p>\n<p><strong>Secretar\u00eda de Hacienda: <\/strong>Pacic, precios estimados, compensaci\u00f3n IVA, miscel\u00e1nea fiscal, aranceles, comercio electr\u00f3nico.<\/p>\n<p><strong>Secretar\u00eda del Trabajo: <\/strong>jornada laboral de 40 horas, ley de trata, inspecciones, ley silla, plataformas digitales, j\u00f3venes construyendo el futuro, migrantes.<\/p>\n<p><strong>PROFECO: <\/strong>verificaciones, Concilia net, Concilia express, comercio electr\u00f3nico, Consejo Nacional del Consumo, publicidad, Buen Fin, Pacic.<\/p>\n<p><strong>SENASICA:<\/strong> importaciones, normas oficiales mexicanas de frutas, verduras, c\u00e1rnicos y alimentos para animales.<\/p>\n<p><strong>COFEPRIS:<\/strong> registros sanitarios, importaciones, farmacias, consultorios de farmacias, normas oficiales mexicanas, expedientes electr\u00f3nicos, recetas electr\u00f3nicas.<\/p>\n<p><strong>Agencia Nacional de Aduanas:<\/strong> horarios de funcionamiento, puntos t\u00e1cticos, rojos operativos, productos sensibles y punto de atenci\u00f3n para Asociados.<\/p>\n<p><strong>SAT: <\/strong>devoluciones IVA, compensaci\u00f3n civil, miscel\u00e1nea fiscal, facturas, pacs, Buen Fin, comercio electr\u00f3nico.<\/p>\n<p><strong>Secretar\u00eda de Seguridad CDMX: <\/strong>seguridad, marchas, extorsiones y apoyo en tiendas.<\/p>\n<p><strong>Secretar\u00eda de Seguridad EDOMEX: <\/strong>seguridad y apoyo en tiendas.<\/p>\n<p><strong>Guardia Nacional: <\/strong>robo en carretera, saqueos, apoyo en fen\u00f3menos meteorol\u00f3gicos.<\/p>\n<p><strong>Secretar\u00eda de Agricultura: <\/strong>sistemas productos, proveedur\u00eda nacional y certificaci\u00f3n proveedores.<\/p>\n<p><strong>Secretaria de Desarrollo Econ\u00f3mico de EDOMEX: <\/strong>inversiones, aperturas.<\/p>\n<p><strong>Secretaria de Desarrollo Econ\u00f3mico de CDMX: <\/strong>inversiones, aperturas.<\/p>\n<p><strong>Direcci\u00f3n General de Normas: <\/strong>normas oficiales mexicanas y comercio electr\u00f3nico.<\/p>\n<p><strong>Coordinaci\u00f3n Nacional Antisecuestro y Delitos de Alto Impacto:<\/strong> extorsiones y secuestros.<\/p>\n<p><strong>CADERR (Consejo Asesor de Desarrollo Econ\u00f3mico Regional y Relocalizaci\u00f3n): <\/strong>digitalizaci\u00f3n tr\u00e1mites, resoluci\u00f3n tr\u00e1mites pendientes, extorsiones de autoridades.<\/p>\n<p><strong>INEGI: <\/strong>informalidad, ilegalidad, datath\u00f3n, censo econ\u00f3mico.<\/p>\n<p>&nbsp;<\/p>\n<h3><strong>COMITES Y COMISIONES DE REPRESENTACI\u00d3N: <\/strong><\/h3>\n<p>Comit\u00e9 Nacional de Facilitaci\u00f3n de Comercio Exterior y Respuesta a Situaciones de Emergencia.<\/p>\n<p>Comit\u00e9 Consultivo Nacional de Normalizaci\u00f3n de la Secretar\u00eda de Econom\u00eda.<\/p>\n<p>Comit\u00e9 Consultivo Nacional de Normalizaci\u00f3n de Cofepris.<\/p>\n<p>Comit\u00e9 Consultivo Nacional de Normalizaci\u00f3n de la Secretar\u00eda de Agricultura.<\/p>\n<p>Comisi\u00f3n Nacional de Infraestructura de la Calidad.<\/p>\n<p>Consejo Nacional del Consumo de PROFECO.<\/p>\n<p>Consejo del Consumo de PROFECO CDMX.<\/p>\n<p>Consejo del Consumo de PROFECO EDOMEX.<\/p>\n<p>Consejo Nacional del Consejo Coordinador Empresarial.<\/p>\n<p>Comisi\u00f3n Fiscal del Consejo Coordinador Empresarial.<\/p>\n<p>Comisi\u00f3n Laboral del Consejo Coordinador Empresarial.<\/p>\n<p>Comisi\u00f3n de Seguridad del Consejo Coordinador Empresarial.<\/p>\n<p>Comisi\u00f3n de Salud del Consejo Coordinador Empresarial.<\/p>\n<p>Comisi\u00f3n de Enlace Legislativo del Consejo Coordinador Empresarial.<\/p>\n<p>Comisi\u00f3n de Ciberseguridad del Consejo Coordinador Empresarial.<\/p>\n<p>Comisi\u00f3n de Estado de Derecho del Consejo Coordinador Empresarial.<\/p>\n<p>Comit\u00e9 de Inversi\u00f3n y Relocalizaci\u00f3n del Consejo Coordinador Empresarial.<\/p>\n<p>Cuarto de Junto de Revisi\u00f3n de Temec.<\/p>\n<p>Comisi\u00f3n de Facilitaci\u00f3n Aduanera.<\/p>\n<p><strong>\u00a0<\/strong><\/p>\n<h3><strong>TEMAS RELEVANTES:<\/strong><\/h3>\n<p><strong>PRESIDENCIA DE LA REPUBLICA<\/strong><\/p>\n<p>El 12 de mayo y 18 de noviembre atendimos una reuni\u00f3n con Asociados, la Presidenta Claudia Sheinbaum, los Secretarios de Econom\u00eda, Hacienda, Agricultura, Seguridad, titulares de Pemex, Sat, Profeco, para renovar el PACIC.<\/p>\n<p>Asimismo, el 14 de mayo atendimos una segunda reuni\u00f3n con Asociados, la Presidenta Claudia Sheinbaum y el Secretario de Econom\u00eda, para suscribir el acuerdo voluntario para ampliar la presencia de producto fabricado o manufacturado en M\u00e9xico en piso de venta.<\/p>\n<p>Se realizaron foros para atender la reducci\u00f3n de la jornada laboral.<\/p>\n<p><strong>\u00a0<\/strong><\/p>\n<p><strong>SECRETARIA DE ECONOMIA<\/strong><\/p>\n<p>Se trabajo en esquemas para aumentar el producto nacional en piso de ventas.<\/p>\n<p>Aranceles y cuotas compensatorias de China.<\/p>\n<p>Anteproyecto norma de comercio electr\u00f3nico.<\/p>\n<p>Aumento de producto nacional en piso de venta.<\/p>\n<p><strong>\u00a0<\/strong><\/p>\n<p><strong>SECRETARIA DE AGRICULTURA<\/strong><\/p>\n<p>Se trabajo en esquemas para contener la inflaci\u00f3n de la carne de res, cerdo, pollo, frij\u00f3l.<\/p>\n<p>Aumento de producto nacional en piso de venta.<\/p>\n<p><strong>\u00a0<\/strong><\/p>\n<p><strong>SECRETARIA DE LA DEFENSA NACIONA, GUARDIA NACIONAL Y SECRETARIA DE SEGURIDAD<\/strong><\/p>\n<p>Se trabajo en esquemas para eficientar los apoyos ante eventos en tiendas y carreteras, incluyendo movimientos sociales y fen\u00f3menos meteorol\u00f3gicos.<\/p>\n<p>Asimismo, se establecieron alianzas para colaborar en temas de extorsiones, inteligencia e intercambio de informaci\u00f3n con el Consejo Nacional Antisecuestro y Delitos de Alto Impacto.<\/p>\n<p>Ley de extorsi\u00f3n.<\/p>\n<p><strong>BUEN FIN <\/strong><\/p>\n<p>Durante la ejecuci\u00f3n del Buen Fin 2025 contamos con un chat de trabajo con Profeco para atender temas durante la campa\u00f1a.<\/p>\n<p><strong>COMERCIO ELECTRONICO<\/strong><\/p>\n<p>Se logr\u00f3 eliminar el deminimis para las importaciones por compras en portales electr\u00f3nicos de As\u00eda.<\/p>\n<p>Deber\u00e1n pagar 19% de IGI (impuesto general de importaci\u00f3n) y 16% de IVA.<\/p>\n<p>En 2024 se public\u00f3 la obligatoriedad de retenci\u00f3n de IVA a plataformas, pago tasa global 17 al 21%, eliminaci\u00f3n de RFC Gen\u00e9rico en pedimentos T1 y se obliga a dar informaci\u00f3n detallada de la mercanc\u00eda a importar.<\/p>\n<p>Se bajo el proyecto de cambios a las reglas de comercio exterior que exentaba del cumplimiento de normas en importaciones menores a USD2,500.<\/p>\n<p>Estamos trabajando el proyecto de NOM que regular\u00e1 las ventas en l\u00ednea, con el que se busca asegurar el cumplimiento de normas oficiales mexicanas de los productos que se venden en portales.<\/p>\n<p>Las plataformas digitales pagar\u00e1n IVA e ISR mediante retenci\u00f3n del 4% o 20% de ISR dependiendo si cuentan o no con RFC, 8% o 16% de IVA si cuentan o no con RFC y deber\u00e1n dar los datos de los vendedores sean o no nacionales.<\/p>\n<p><strong>ROBO EN CARRETERA<\/strong><\/p>\n<p>Se trabajaron con Guardia los siguientes esquemas de apoyo para reducir y atender eventos en carretera.<\/p>\n<ol>\n<li>Operativo escal\u00f3n: acompa\u00f1amiento en carreteras de mayor riesgo<\/li>\n<li>BALAM: App con ubicaci\u00f3n y bot\u00f3n de p\u00e1nico para reportar eventos<\/li>\n<li>LAICA: grupo WhatsApp para solicitar apoyo y reportar eventos<\/li>\n<\/ol>\n<p><strong>SEGURIDAD<\/strong><\/p>\n<p>Se perfecciono el mecanismo de apoyo de la Sedena y Guardia Nacional para reducir actos de saqueos ante fen\u00f3menos meteorol\u00f3gicos.<\/p>\n<p>Asimismo, con la Secretar\u00eda de Seguridad y Protecci\u00f3n Ciudadana y la Coordinaci\u00f3n Nacional Antisecuestros, para atender necesidades de seguridad, secuestro y extorsi\u00f3n.<\/p>\n<p>Los 45 grupos regionales sesionaron en m\u00e1s de 260 ocasiones para atender la coordinaci\u00f3n de apoyo con autoridades estatales y municipales.<\/p>\n<p>Se afianzaron los canales de comunicaci\u00f3n y apoyos de las distintas autoridades de seguridad.<\/p>\n<p><strong>ADUANAS<\/strong><\/p>\n<p>Se estableci\u00f3 un canal de atenci\u00f3n de retrasos de importaciones para Asociados y se presentaron propuestas de operaci\u00f3n de aduanas.<\/p>\n<p><strong>AGENCIA DIGITAL Y CADERR (Consejo Asesor de Desarrollo Econ\u00f3mico Regional y Relocalizaci\u00f3n).<\/strong><\/p>\n<p>(CADERR), en identificar tr\u00e1mites federales.<\/p>\n<p>ANTAD present\u00f3 49 propuestas de digitalizaci\u00f3n de tr\u00e1mites ante CFE, Conagua, Cofepris, INM, Profeco, Econom\u00eda, SAT, Protecci\u00f3n Civil entre otros, que inhiben la inversi\u00f3n.<\/p>\n<p>Tenemos un canal permanente de atenci\u00f3n de tr\u00e1mites pendientes de respuesta. En la primera etapa presentamos m\u00e1s de 650 y la semana pasada enviamos una segunda lista de tr\u00e1mites reportados por 5 cadenas.<\/p>\n<p>Asimismo, el CADERR nos solicit\u00f3 compartir municipios en donde hemos registrado extorsiones de autoridades o de la delincuencia organizada, al momento tenemos registro de Tultepec, Puebla y Tejupilco.[\/vc_column_text][\/vc_column][\/vc_row]<\/p>\n<\/div>","protected":false},"excerpt":{"rendered":"<p>[vc_row][vc_column][vc_column_text] DIRECCION DE RELACIONES CON GOBIERNO Se atendieron diversas reuniones de representaci\u00f3n con autoridades federales y estatales, resaltamos algunos de los temas de mayor relevancia: Secretar\u00eda de Econom\u00eda: aranceles, comercio electr\u00f3nico, Hecho en M\u00e9xico, seguridad, acuerdo productos nacionales, normas oficiales &hellip; <a href=\"https:\/\/informe.antad.net\/2025\/comite-relaciones-gubernamentales\/\"><\/a><\/p>\n","protected":false},"author":1,"featured_media":0,"parent":0,"menu_order":0,"comment_status":"closed","ping_status":"closed","template":"","meta":{"footnotes":""},"class_list":["post-955","page","type-page","status-publish","hentry"],"_links":{"self":[{"href":"https:\/\/informe.antad.net\/2025\/wp-json\/wp\/v2\/pages\/955","targetHints":{"allow":["GET"]}}],"collection":[{"href":"https:\/\/informe.antad.net\/2025\/wp-json\/wp\/v2\/pages"}],"about":[{"href":"https:\/\/informe.antad.net\/2025\/wp-json\/wp\/v2\/types\/page"}],"author":[{"embeddable":true,"href":"https:\/\/informe.antad.net\/2025\/wp-json\/wp\/v2\/users\/1"}],"replies":[{"embeddable":true,"href":"https:\/\/informe.antad.net\/2025\/wp-json\/wp\/v2\/comments?post=955"}],"version-history":[{"count":30,"href":"https:\/\/informe.antad.net\/2025\/wp-json\/wp\/v2\/pages\/955\/revisions"}],"predecessor-version":[{"id":3009,"href":"https:\/\/informe.antad.net\/2025\/wp-json\/wp\/v2\/pages\/955\/revisions\/3009"}],"wp:attachment":[{"href":"https:\/\/informe.antad.net\/2025\/wp-json\/wp\/v2\/media?parent=955"}],"curies":[{"name":"wp","href":"https:\/\/api.w.org\/{rel}","templated":true}]}}