
{"id":975,"date":"2023-03-04T21:21:21","date_gmt":"2023-03-05T03:21:21","guid":{"rendered":"https:\/\/informe.antad.net\/2025\/?page_id=975"},"modified":"2026-03-25T22:48:31","modified_gmt":"2026-03-26T04:48:31","slug":"comunicacion","status":"publish","type":"page","link":"https:\/\/informe.antad.net\/2025\/comunicacion\/","title":{"rendered":"Comunicaci\u00f3n"},"content":{"rendered":"<h2><b><span data-contrast=\"auto\">COMUNICACI\u00d3N<\/span><\/b><span data-ccp-props=\"{&quot;201341983&quot;:0,&quot;335551550&quot;:6,&quot;335551620&quot;:6,&quot;335559739&quot;:0,&quot;335559740&quot;:240}\">\u00a0<\/span><\/h2>\n<p><span data-contrast=\"auto\">Durante el a\u00f1o 2025, el \u00e1rea de Comunicaci\u00f3n y Marketing de ANTAD for\u00adtaleci\u00f3 su posicionamiento institucional, ampli\u00f3 la difusi\u00f3n de informa\u00adci\u00f3n estrat\u00e9gica del sector detallista y consolid\u00f3 canales de comunicaci\u00f3n interna y externa. Las acciones realizadas se enfocaron en visibilidad, re\u00adputaci\u00f3n, servicios de informaci\u00f3n, colaboraci\u00f3n con medios, fortaleci\u00admiento digital y gesti\u00f3n de eventos clave.\u00a0<\/span><span data-ccp-props=\"{&quot;201341983&quot;:0,&quot;335551550&quot;:6,&quot;335551620&quot;:6,&quot;335559739&quot;:0,&quot;335559740&quot;:240}\">\u00a0<\/span><\/p>\n<ul>\n<li><span data-contrast=\"auto\">Se trabaj\u00f3 en fortalecer la imagen institucional de ANTAD ante socios, medios y actores del sector.\u00a0<\/span><\/li>\n<li><span data-contrast=\"auto\"> Incrementamos la presencia en medios tradicionales y digitales durante los eventos de laAscoaciaci\u00f3n.\u00a0<\/span><\/li>\n<li><span data-contrast=\"auto\"> Consolidamos estrategias de comunicaci\u00f3n para eventos y proyectos es\u00adtrat\u00e9gicos.\u00a0<\/span><\/li>\n<li><span data-contrast=\"auto\"> Desarrollamos campa\u00f1as enfocadas en informaci\u00f3n oportuna del sector detallista.\u00a0<\/span><\/li>\n<\/ul>\n<p><b><span data-contrast=\"auto\">ACTIVIDADES\u00a0DESTACADAS\u00a0DEL\u00a0A\u00d1O<\/span><\/b><span data-ccp-props=\"{&quot;201341983&quot;:0,&quot;335551550&quot;:6,&quot;335551620&quot;:6,&quot;335559739&quot;:0,&quot;335559740&quot;:240}\">\u00a0<\/span><\/p>\n<ul>\n<li><span data-contrast=\"auto\"> Coordinaci\u00f3n de comunicados de prensa sobre temas de inter\u00e9s\u00a0<\/span><\/li>\n<li><span data-contrast=\"auto\"> Gesti\u00f3n de entrevistas y vocer\u00edas para medios de alcance nacional e in\u00adternacional.\u00a0<\/span><\/li>\n<li><span data-contrast=\"auto\"> Atenci\u00f3n a solicitudes de informaci\u00f3n de periodistas y medios especia\u00adlizados.\u00a0<\/span><\/li>\n<li><span data-contrast=\"auto\"> Actualizaci\u00f3n de la base de medios y fortalecimiento de relaciones con reporteros del sectorretail, econom\u00eda y negocios. <\/span><\/li>\n<\/ul>\n<p><b><span data-contrast=\"auto\">MARKETING Y POSICIONAMIENTO\u00a0DE MARCA<\/span><\/b><span data-ccp-props=\"{&quot;201341983&quot;:0,&quot;335551550&quot;:6,&quot;335551620&quot;:6,&quot;335559739&quot;:0,&quot;335559740&quot;:240}\">\u00a0<\/span><\/p>\n<ul>\n<li><span data-contrast=\"auto\">Actualizaci\u00f3n del Comit\u00e9 de Marketing, antes Comunicaci\u00f3n.\u00a0<\/span><\/li>\n<\/ul>\n<p><span data-contrast=\"auto\">Ejecuci\u00f3n de campa\u00f1as para reforzar la identidad de ANTAD como refe\u00adrente del sector\u00a0retail.\u00a0<\/span><span data-ccp-props=\"{&quot;201341983&quot;:0,&quot;335551550&quot;:6,&quot;335551620&quot;:6,&quot;335559739&quot;:0,&quot;335559740&quot;:240}\">\u00a0<\/span><\/p>\n<ul>\n<li><span data-contrast=\"auto\"> Producci\u00f3n de materiales gr\u00e1ficos y audiovisuales para presentaciones, informes, redes y eventos.\u00a0<\/span><\/li>\n<li><span data-contrast=\"auto\"> Redise\u00f1o o actualizaci\u00f3n de l\u00edneas gr\u00e1ficas institucionales. <\/span><\/li>\n<\/ul>\n<p><b><span data-contrast=\"auto\">GESTI\u00d3N DE REDES\u00a0SOCIALES Y ENTORNOS\u00a0DIGITALES<\/span><\/b><span data-ccp-props=\"{&quot;201341983&quot;:0,&quot;335551550&quot;:6,&quot;335551620&quot;:6,&quot;335559739&quot;:0,&quot;335559740&quot;:240}\">\u00a0<\/span><\/p>\n<ul>\n<li><span data-contrast=\"auto\"> Incremento en el volumen de contenido informativo sobre innovaciones delretail, datos econ\u00f3micos, eventos y posicionamientos institucionales.\u00a0<\/span><\/li>\n<li><span data-contrast=\"auto\"> Crecimiento en seguidores e interacciones en plataformas clave\u00a0<\/span><\/li>\n<\/ul>\n<p><span data-contrast=\"auto\">(LinkedIn, X, Facebook, Instagram).<\/span><span data-ccp-props=\"{&quot;201341983&quot;:0,&quot;335551550&quot;:6,&quot;335551620&quot;:6,&quot;335559739&quot;:0,&quot;335559740&quot;:240}\">\u00a0<\/span><\/p>\n<ul>\n<li><span data-contrast=\"auto\"> Implementaci\u00f3n de un calendario editorial anual para ANTAD y Expo ANTAD<\/span><\/li>\n<li><span data-contrast=\"auto\"> Monitoreo y an\u00e1lisis de m\u00e9tricas digitales con reportes mensuales.<\/span><\/li>\n<\/ul>\n<p><b><span data-contrast=\"auto\">COMUNICACI\u00d3N INSTITUCIONAL<\/span><\/b><span data-ccp-props=\"{&quot;201341983&quot;:0,&quot;335551550&quot;:6,&quot;335551620&quot;:6,&quot;335559739&quot;:0,&quot;335559740&quot;:240}\">\u00a0<\/span><\/p>\n<ul>\n<li><span data-contrast=\"auto\"> Actualizaci\u00f3n de informaci\u00f3n para socios en plataformas internas.<\/span><\/li>\n<li><span data-contrast=\"auto\"> Creaci\u00f3n de convocatorias, invitaciones y ma\u00adteriales para reuniones y asambleas.<\/span><\/li>\n<\/ul>\n<p><b><span data-contrast=\"auto\">EVENTOS\u00a0INSTITUCIONALES<\/span><\/b><span data-contrast=\"auto\">\u00a0<\/span><b><span data-contrast=\"auto\">Y\u00a0COORDINACI\u00d3N\u00a0LOG\u00cdSTICA<\/span><\/b><span data-ccp-props=\"{&quot;201341983&quot;:0,&quot;335551550&quot;:6,&quot;335551620&quot;:6,&quot;335559739&quot;:0,&quot;335559740&quot;:240}\">\u00a0<\/span><\/p>\n<p><b><span data-contrast=\"auto\">Comunicaci\u00f3n y marketing de EXPO ANTAD 2025<\/span><\/b><span data-ccp-props=\"{&quot;201341983&quot;:0,&quot;335551550&quot;:6,&quot;335551620&quot;:6,&quot;335559739&quot;:0,&quot;335559740&quot;:240}\">\u00a0<\/span><\/p>\n<ul>\n<li><span data-contrast=\"auto\">Campa\u00f1a de difusi\u00f3n previa al evento.<\/span><span data-ccp-props=\"{&quot;201341983&quot;:0,&quot;335551550&quot;:6,&quot;335551620&quot;:6,&quot;335559739&quot;:0,&quot;335559740&quot;:240}\">\u00a0<\/span><\/li>\n<li><span data-contrast=\"auto\">Coordinaci\u00f3n de prensa.<\/span><span data-ccp-props=\"{&quot;201341983&quot;:0,&quot;335551550&quot;:6,&quot;335551620&quot;:6,&quot;335559739&quot;:0,&quot;335559740&quot;:240}\">\u00a0<\/span><\/li>\n<li><span data-contrast=\"auto\">Producci\u00f3n de materiales gr\u00e1ficos, se\u00f1al\u00e9tica y contenidos digitales.<\/span><span data-ccp-props=\"{&quot;201341983&quot;:0,&quot;335551550&quot;:6,&quot;335551620&quot;:6,&quot;335559739&quot;:0,&quot;335559740&quot;:240}\">\u00a0<\/span><\/li>\n<li><span data-contrast=\"auto\">Cobertura en vivo y post-evento.<\/span><span data-ccp-props=\"{&quot;201341983&quot;:0,&quot;335551550&quot;:6,&quot;335551620&quot;:6,&quot;335559739&quot;:0,&quot;335559740&quot;:240}\">\u00a0<\/span><\/li>\n<\/ul>\n<p><b><span data-contrast=\"auto\">Visibilidad y Alcance<\/span><\/b><span data-ccp-props=\"{&quot;201341983&quot;:0,&quot;335551550&quot;:6,&quot;335551620&quot;:6,&quot;335559739&quot;:0,&quot;335559740&quot;:240}\">\u00a0<\/span><span data-ccp-props=\"{&quot;201341983&quot;:0,&quot;335551550&quot;:6,&quot;335551620&quot;:6,&quot;335559739&quot;:0,&quot;335559740&quot;:240}\">\u00a0<\/span><\/p>\n<ul>\n<li><span data-contrast=\"auto\"> Incremento de presencia en medios.<\/span><\/li>\n<li><span data-contrast=\"auto\"> Reconocimiento de la ANTAD como fuente confiable de informaci\u00f3n delretail.<\/span><\/li>\n<\/ul>\n<p><b><span data-contrast=\"auto\">Fortalecimiento Digital<\/span><\/b><span data-ccp-props=\"{&quot;201341983&quot;:0,&quot;335551550&quot;:6,&quot;335551620&quot;:6,&quot;335559739&quot;:0,&quot;335559740&quot;:240}\">\u00a0<\/span><\/p>\n<ul>\n<li><span data-contrast=\"auto\"> Crecimiento de seguidores, engagementy contenido especializado.<\/span><span data-ccp-props=\"{&quot;201341983&quot;:0,&quot;335559739&quot;:0,&quot;335559740&quot;:240}\">\u00a0<\/span><\/li>\n<\/ul>\n","protected":false},"excerpt":{"rendered":"<p>COMUNICACI\u00d3N\u00a0 Durante el a\u00f1o 2025, el \u00e1rea de Comunicaci\u00f3n y Marketing de ANTAD for\u00adtaleci\u00f3 su posicionamiento institucional, ampli\u00f3 la difusi\u00f3n de informa\u00adci\u00f3n estrat\u00e9gica del sector detallista y consolid\u00f3 canales de comunicaci\u00f3n interna y externa. Las acciones realizadas se enfocaron en &hellip; <a href=\"https:\/\/informe.antad.net\/2025\/comunicacion\/\"><\/a><\/p>\n","protected":false},"author":1,"featured_media":0,"parent":0,"menu_order":0,"comment_status":"closed","ping_status":"closed","template":"","meta":{"footnotes":""},"class_list":["post-975","page","type-page","status-publish","hentry"],"_links":{"self":[{"href":"https:\/\/informe.antad.net\/2025\/wp-json\/wp\/v2\/pages\/975","targetHints":{"allow":["GET"]}}],"collection":[{"href":"https:\/\/informe.antad.net\/2025\/wp-json\/wp\/v2\/pages"}],"about":[{"href":"https:\/\/informe.antad.net\/2025\/wp-json\/wp\/v2\/types\/page"}],"author":[{"embeddable":true,"href":"https:\/\/informe.antad.net\/2025\/wp-json\/wp\/v2\/users\/1"}],"replies":[{"embeddable":true,"href":"https:\/\/informe.antad.net\/2025\/wp-json\/wp\/v2\/comments?post=975"}],"version-history":[{"count":23,"href":"https:\/\/informe.antad.net\/2025\/wp-json\/wp\/v2\/pages\/975\/revisions"}],"predecessor-version":[{"id":3030,"href":"https:\/\/informe.antad.net\/2025\/wp-json\/wp\/v2\/pages\/975\/revisions\/3030"}],"wp:attachment":[{"href":"https:\/\/informe.antad.net\/2025\/wp-json\/wp\/v2\/media?parent=975"}],"curies":[{"name":"wp","href":"https:\/\/api.w.org\/{rel}","templated":true}]}}